{"id":961,"date":"2024-12-11T21:13:43","date_gmt":"2024-12-12T00:13:43","guid":{"rendered":"https:\/\/etmoron-bue.infd.edu.ar\/sitio\/?page_id=961"},"modified":"2026-04-09T22:33:03","modified_gmt":"2026-04-10T01:33:03","slug":"equivalencias-solicitud-y-tabla","status":"publish","type":"page","link":"https:\/\/etmoron-bue.infd.edu.ar\/sitio\/equivalencias-solicitud-y-tabla\/","title":{"rendered":"&#x1f4dd;EQUIVALENCIAS &#8211; SOLICITUD Y TABLA"},"content":{"rendered":"\n<h3 class=\"wp-block-heading\"><\/h3>\n\n\n\n<div class=\"wp-block-cover\"><span aria-hidden=\"true\" class=\"wp-block-cover__background has-background-dim\"><\/span><img decoding=\"async\" loading=\"lazy\" width=\"1200\" height=\"800\" class=\"wp-block-cover__image-background wp-image-709\" alt=\"\" src=\"https:\/\/etmoron-bue.infd.edu.ar\/sitio\/wp-content\/uploads\/2024\/08\/Fondo-ETM-1.jpg\" data-object-fit=\"cover\" srcset=\"https:\/\/etmoron-bue.infd.edu.ar\/sitio\/wp-content\/uploads\/2024\/08\/Fondo-ETM-1.jpg 1200w, https:\/\/etmoron-bue.infd.edu.ar\/sitio\/wp-content\/uploads\/2024\/08\/Fondo-ETM-1-1000x667.jpg 1000w, https:\/\/etmoron-bue.infd.edu.ar\/sitio\/wp-content\/uploads\/2024\/08\/Fondo-ETM-1-768x512.jpg 768w\" sizes=\"(max-width: 1200px) 100vw, 1200px\" \/><div class=\"wp-block-cover__inner-container\">\n<p class=\"has-text-align-center has-text-color has-x-large-font-size\" style=\"color:#f78905\"><\/p>\n\n\n\n<p class=\"has-medium-font-size\"><strong>EQUIVALENCIAS EXTERNAS<\/strong><\/p>\n\n\n\n<p><strong>Estudiantes que vienen de otra instituci\u00f3n con otro plan de estudio<\/strong><\/p>\n\n\n\n<p>Si estudiaste una carrera de Nivel Superior Universitaria o No Universitaria, ya sea Docente o Art\u00edstica en otra instituci\u00f3n de educaci\u00f3n formal, pod\u00e9s continuar tus estudios en la Escuela de Teatro de Mor\u00f3n y solicitar Equivalencias en las materias que consideres que pueden ser Equivalentes adjuntando en una <strong>carpeta 3 solapas<\/strong> la siguiente documentaci\u00f3n:&nbsp;<\/p>\n\n\n\n<ul>\n<li>Nota de Pedido<\/li>\n\n\n\n<li>Planilla de Solicitud de Equivalencia Externa. <a href=\"https:\/\/drive.google.com\/file\/d\/1C9b6nlIvJG1UxUoZ1NvhwI0gY2VUSv0V\/view?usp=share_link\"><strong><em>Pulse <\/em><\/strong><\/a><a href=\"https:\/\/drive.google.com\/file\/d\/1ovq7QASg6gqXRZs4P-hA2P8QNvSTRYWW\/view?usp=sharing\"><strong><em>AQU\u00cd<\/em><\/strong><\/a><strong><em> para descargarla y completar<\/em><\/strong><strong><em> una por cada materia a solicitar<\/em><\/strong><\/li>\n\n\n\n<li>Anal\u00edtico total o parcial de la carrera cursada en el que se registra la acreditaci\u00f3n de materias. Debe estar firmado y sellado por autoridad de la instituci\u00f3n proveniente.<\/li>\n\n\n\n<li>Programas de la\/s materia\/s acreditadas, correspondientes al a\u00f1o de cursada, firmado y sellado\/s por la Instituci\u00f3n de origen.<\/li>\n<\/ul>\n\n\n\n<p>Las presentaciones deben realizarse a partir del primer d\u00eda de clases hasta el 31\/04 de cada a\u00f1o.<\/p>\n\n\n\n<p>Ser\u00e1 valorada por le docente de la C\u00e1tedra receptora en conjunto con la Jefe de \u00c1rea y la Directora. Dicha evaluaci\u00f3n puede arrojar una Equivalencia Total, Parcial o Denegada.&nbsp;<\/p>\n\n\n\n<p>Debe hacerse a\u00f1o a a\u00f1o respetando las correlatividades. El\/la estudiante debe matricularse en el per\u00edodo correspondiente en las materias que desee pedir la\/s equivalencias en condici\u00f3n \u201cequivalencia externa\u201d y cursar la materia hasta la notificaci\u00f3n del dictamen.<\/p>\n\n\n\n<p>Cualquier inquietud escrib\u00ed al mail de INFORMES que se encuentra en la p\u00e1gina principal de este BLOG aclarando el tema en el ASUNTO.<\/p>\n\n\n\n<p class=\"has-medium-font-size\"><strong>EQUIVALENCIAS INTERNAS<\/strong><\/p>\n\n\n\n<p><strong>Estudiantes de la misma Instituci\u00f3n con otro plan de estudio<\/strong><\/p>\n\n\n\n<p>Si estudiaste una de las dos carreras (Tecnicatura en Actuaci\u00f3n Teatral o Profesorado de Teatro) pod\u00e9s decidir realizar la otra Carrera en la misma Escuela de Teatro de Mor\u00f3n e ir solicitando Equivalencias en las materias que consideres que pueden ser Equivalentes adjuntando en una carpeta 3 solapas o folio la siguiente documentaci\u00f3n:&nbsp;<\/p>\n\n\n\n<ul>\n<li>Nota de Pedido<\/li>\n\n\n\n<li>Planilla de Solicitud completa. Se entrega una por cada materia a solicitar<\/li>\n<\/ul>\n\n\n\n<p><a href=\"https:\/\/drive.google.com\/file\/d\/16aBKDdAI7BEhUrqpPnBGE1ZO-ltf2_y5\/view?usp=share_link\"><strong>Pulse <\/strong><\/a><a href=\"https:\/\/drive.google.com\/file\/d\/1jupPlOvA5n69tAEicXCV8Xch2zvFHAa2\/view?usp=sharing\"><strong>AQU\u00cd<\/strong><\/a><strong> <\/strong><a href=\"https:\/\/drive.google.com\/file\/d\/16aBKDdAI7BEhUrqpPnBGE1ZO-ltf2_y5\/view?usp=share_link\"><strong>para descargar la Solicitud de Equivalencias Internas<\/strong><\/a><\/p>\n\n\n\n<p>Las presentaciones deben realizarse a partir del primer d\u00eda de clases hasta el 31\/05 de cada a\u00f1o.<\/p>\n\n\n\n<p>Ser\u00e1 valorada por le docente de la C\u00e1tedra receptora en conjunto con el Jefe de \u00c1rea y la Directora.<\/p>\n\n\n\n<p>El estudiante deber\u00e1 matricularse en el per\u00edodo correspondiente en las materias que desee pedir la\/s equivalencias y cursar las materias hasta que se publique el dictamen.<\/p>\n\n\n\n<p>La presentaci\u00f3n puede arrojar una Equivalencia Total, Parcial o Denegada. Debe hacerse hace a\u00f1o a a\u00f1o, en las materias que corresponden al a\u00f1o de tu cursada actual.<\/p>\n\n\n\n<p>Cualquier inquietud escrib\u00ed al mail de INFORMES que se encuentra en la p\u00e1gina principal de este BLOG aclarando el tema en el ASUNTO.<\/p>\n\n\n\n<p><em>TABLA DE EQUIVALENCIAS INTERNAS<\/em><\/p>\n\n\n\n<p><\/p>\n\n\n\n<figure class=\"wp-block-table\"><table><tbody><tr><td colspan=\"2\"><strong>EQUIVALENCIAS INTERNAS &#8211; ESCUELA DE TEATRO DE MOR\u00d3N<\/strong><\/td><\/tr><tr><td colspan=\"2\" rowspan=\"2\"><strong>CARRERA PROFESORADO DE TEATRO (R.M. 175\/11)&nbsp; Y&nbsp; TECNICATURA EN ACTUACI\u00d3N TEATRAL (R.M. 13.255\/99)<\/strong><br><\/td><\/tr><tr><td><\/td><td><\/td><\/tr><tr><td><strong>PROFESORADO <\/strong><\/td><td><strong>TECNICATURA EN ACTUACI\u00d3N TEATRAL\u00a0<\/strong><\/td><\/tr><tr><td><strong><em>ASIGNATURA ACREDITADA<\/em><\/strong><\/td><td><strong><em>ASIGNATURA QUE PUEDE SOLICITAR<\/em><\/strong><\/td><\/tr><tr><td>ACTUACI\u00d3N I<\/td><td>ACTUACI\u00d3N I&nbsp;<\/td><\/tr><tr><td>ACTUACI\u00d3N I Y II<\/td><td>ACTUACI\u00d3N I<\/td><\/tr><tr><td>ACTUACI\u00d3N III<\/td><td>ACTUACI\u00d3N II&nbsp;<\/td><\/tr><tr><td>TRABAJO CORPORAL I<\/td><td>MOVIMIENTO I&nbsp;<\/td><\/tr><tr><td>TRABAJO CORPORAL I Y II<\/td><td>MOVIMIENTO I&nbsp;<\/td><\/tr><tr><td>TRABAJO CORPORAL III<\/td><td>MOVIMIENTO II&nbsp;<\/td><\/tr><tr><td>TRABAJO CORPORAL IV<\/td><td>MOVIMIENTO II&nbsp;<\/td><\/tr><tr><td>TRABAJO VOCAL I<\/td><td>VOZ I&nbsp;<\/td><\/tr><tr><td>TRABAJO VOCAL II<\/td><td>VOZ I&nbsp;<\/td><\/tr><tr><td>TRABAJO VOCAL III<\/td><td>VOZ II&nbsp;<\/td><\/tr><tr><td>TRABAJO VOCAL IV<\/td><td>VOZ II&nbsp;<\/td><\/tr><tr><td rowspan=\"2\">MAQUILLAJE<\/td><td>MAQUILLAJE I&nbsp;<\/td><\/tr><tr><td>MAQUILLAJE II&nbsp;<\/td><\/tr><tr><td rowspan=\"2\">TEOR\u00cdA DEL ARTE II&nbsp;<\/td><td rowspan=\"2\">ARTE, CULTURAS Y EST\u00c9TICAS EN EL MUNDO CONTEMPOR\u00c1NEO<\/td><\/tr><tr><td><\/td><td><\/td><\/tr><tr><td><br>AN\u00c1LISIS DE LA DRAMATURGIA ESC\u00c9NICA Y LITERARIA I\u00a0<br><br>AN\u00c1LISIS DE LA DRAMATURGIA ESC\u00c9NICA Y LITERARIA II<\/td><td>TEATRO Y LITERATURA DRAM\u00c1TICA I<br><br><br>TEATRO Y LITERATURA DRAM\u00c1TICA II<\/td><\/tr><tr><td>HISTORIA DEL TEATRO I<\/td><td>TEATRO Y LITERATURA DRAM\u00c1TICA III<\/td><\/tr><tr><td><br>SISTEMAS ESC\u00c9NICOS<\/td><td><br>ESCENOGRAF\u00cdA<\/td><\/tr><\/tbody><\/table><\/figure>\n\n\n\n<p>* UNA VEZ INICIADA LA CURSADA DEL CICLO LECTIVO Y PUBLICADA LA CONVOCATORIA A TRAV\u00c9S DEL BLOG INSTITUCIONAL, SE DEBE PRESENTAR LA PLANILLA DE SOLICITUD DE EQUIVALENCIA EN PRECEPTOR\u00cdA, EN UN FOLIO.&nbsp; EL\/LA ESTUDIANTE DEBE ANTERIORMENTE MATRICULARSE EN LA ASIGNATURA EN CONDICI\u00d3N DE \u201cEQUIVALENCIA INTERNA\u201d Y CURSARLA HASTA SU DICTAMEN.<\/p>\n\n\n\n<figure class=\"wp-block-table\"><table><tbody><tr><td colspan=\"2\"><strong>EQUIVALENCIAS INTERNAS &#8211; ESCUELA DE TEATRO DE MOR\u00d3N<\/strong><\/td><\/tr><tr><td colspan=\"2\"><br><strong>CARRERA TECNICATURA EN ACTUACI\u00d3N TEATRAL (R.M. 13.255\/99) Y PROFESORADO DE TEATRO (R.M. 175\/11)&nbsp;&nbsp;&nbsp;<\/strong><br><\/td><\/tr><tr><td><br><strong>DE TECNICATURA A \u2026<\/strong><\/td><td><strong>PROFESORADO DE TEATRO<\/strong><\/td><\/tr><tr><td><strong><em>ASIGNATURA ACREDITADA<\/em><\/strong><\/td><td><strong><em>ASIGNATURA QUE PUEDE SOLICITAR<\/em><\/strong><\/td><\/tr><tr><td>ACTUACI\u00d3N I<\/td><td>ACTUACI\u00d3N I Y II<\/td><\/tr><tr><td>ACTUACI\u00d3N II<\/td><td>ACTUACI\u00d3N III&nbsp;<\/td><\/tr><tr><td>ACTUACI\u00d3N III<\/td><td>ACTUACI\u00d3N III&nbsp;<\/td><\/tr><tr><td rowspan=\"2\">MOVIMIENTO I<\/td><td>TRABAJO CORPORAL I<\/td><\/tr><tr><td>TRABAJO CORPORAL II&nbsp;<\/td><\/tr><tr><td>MOVIMIENTO II<\/td><td>TRABAJO CORPORAL III<\/td><\/tr><tr><td>MOVIMIENTO III<\/td><td>TRABAJO CORPORAL III<\/td><\/tr><tr><td rowspan=\"2\">VOZ I<\/td><td>TRABAJO VOCAL I<\/td><\/tr><tr><td>TRABAJO VOCAL II&nbsp;<\/td><\/tr><tr><td>VOZ II<\/td><td>TRABAJO VOCAL III<\/td><\/tr><tr><td>VOZ III<\/td><td>TRABAJO VOCAL III<\/td><\/tr><tr><td>MAQUILLAJE I<\/td><td>MAQUILLAJE I&nbsp;<\/td><\/tr><tr><td>MAQUILLAJE I Y II<\/td><td>MAQUILLAJE I&nbsp;<\/td><\/tr><tr><td rowspan=\"2\">TEATRO Y LITERATURA DRAM\u00c1TICA I<\/td><td rowspan=\"2\">AN\u00c1LISIS DE LA DRAMATURGIA ESC\u00c9NICA Y LITERARIA I<\/td><\/tr><tr><td><\/td><td><\/td><\/tr><tr><td>TEATRO Y LITERATURA DRAM\u00c1TICA II<br><br>TEATRO Y LITERATURA DRAM\u00c1TICA III<\/td><td>AN\u00c1LISIS DE LA DRAMATURGIA ESC\u00c9NICA Y LITERARIA II<br><br>HISTORIA DEL TEATRO I<\/td><\/tr><tr><td>ARTE, CULTURAS Y EST\u00c9TICAS EN EL MUNDO CONTEMPOR\u00c1NEO<\/td><td>TEOR\u00cdA DEL ARTE II (Si Y SOLO Si SE ACREDIT\u00d3 TEOR\u00cdA DEL ARTE I)<\/td><\/tr><tr><td>ESCENOGRAF\u00cdA<\/td><td>SISTEMAS ESC\u00c9NICOS<\/td><\/tr><tr><td>VOZ III<\/td><td>TRABAJO VOCAL IV&nbsp;<\/td><\/tr><tr><td>MOVIMIENTO III&nbsp;<\/td><td>TRABAJO CORPORAL IV<\/td><\/tr><tr><td><\/td><td><\/td><\/tr><\/tbody><\/table><\/figure>\n\n\n\n<p>* UNA VEZ INICIADA LA CURSADA DEL CICLO LECTIVO Y PUBLICADA LA CONVOCATORIA A TRAV\u00c9S DEL BLOG INSTITUCIONAL, SE DEBE PRESENTAR LA PLANILLA DE SOLICITUD DE EQUIVALENCIA EN PRECEPTOR\u00cdA, EN UN FOLIO.&nbsp; EL\/LA ESTUDIANTE DEBE ANTERIORMENTE MATRICULARSE EN LA ASIGNATURA EN CONDICI\u00d3N DE \u201cEQUIVALENCIA INTERNA\u201d Y CURSARLA HASTA SU DICTAMEN.<\/p>\n\n\n\n<p class=\"has-text-align-center has-text-color has-x-large-font-size\" style=\"color:#f78905\"><\/p>\n<\/div><\/div>\n","protected":false},"excerpt":{"rendered":"","protected":false},"author":6,"featured_media":0,"parent":0,"menu_order":0,"comment_status":"closed","ping_status":"closed","template":"","meta":[],"acf":[],"_links":{"self":[{"href":"https:\/\/etmoron-bue.infd.edu.ar\/sitio\/wp-json\/wp\/v2\/pages\/961"}],"collection":[{"href":"https:\/\/etmoron-bue.infd.edu.ar\/sitio\/wp-json\/wp\/v2\/pages"}],"about":[{"href":"https:\/\/etmoron-bue.infd.edu.ar\/sitio\/wp-json\/wp\/v2\/types\/page"}],"author":[{"embeddable":true,"href":"https:\/\/etmoron-bue.infd.edu.ar\/sitio\/wp-json\/wp\/v2\/users\/6"}],"replies":[{"embeddable":true,"href":"https:\/\/etmoron-bue.infd.edu.ar\/sitio\/wp-json\/wp\/v2\/comments?post=961"}],"version-history":[{"count":7,"href":"https:\/\/etmoron-bue.infd.edu.ar\/sitio\/wp-json\/wp\/v2\/pages\/961\/revisions"}],"predecessor-version":[{"id":1964,"href":"https:\/\/etmoron-bue.infd.edu.ar\/sitio\/wp-json\/wp\/v2\/pages\/961\/revisions\/1964"}],"wp:attachment":[{"href":"https:\/\/etmoron-bue.infd.edu.ar\/sitio\/wp-json\/wp\/v2\/media?parent=961"}],"curies":[{"name":"wp","href":"https:\/\/api.w.org\/{rel}","templated":true}]}}