{"id":942,"date":"2024-12-11T19:16:53","date_gmt":"2024-12-11T22:16:53","guid":{"rendered":"https:\/\/etmoron-bue.infd.edu.ar\/sitio\/?page_id=942"},"modified":"2024-12-18T19:56:34","modified_gmt":"2024-12-18T22:56:34","slug":"constancias","status":"publish","type":"page","link":"https:\/\/etmoron-bue.infd.edu.ar\/sitio\/constancias\/","title":{"rendered":"CONSTANCIAS"},"content":{"rendered":"\n<div class=\"wp-block-cover has-parallax\" style=\"min-height:1592px\"><span aria-hidden=\"true\" class=\"wp-block-cover__background has-background-dim\"><\/span><div role=\"img\" class=\"wp-block-cover__image-background wp-image-694 has-parallax\" style=\"background-position:50% 50%;background-image:url(https:\/\/etmoron-bue.infd.edu.ar\/sitio\/wp-content\/uploads\/2024\/08\/Fondo-ETM.jpg)\"><\/div><div class=\"wp-block-cover__inner-container\">\n<p class=\"has-text-align-center has-medium-font-size\">&#x1f4cc;<strong>SOLICITUD DE CONSTANCIAS<\/strong><\/p>\n\n\n\n<p>Para solicitar las mismas deber\u00e1 completarse el<\/p>\n\n\n\n<p class=\"has-text-align-center has-medium-font-size\"><strong> <a href=\"https:\/\/docs.google.com\/forms\/d\/e\/1FAIpQLSc2_R9VcyP2ZtToB_qdfm4iWe9Of3-LFSnKqb347hAnQe19Og\/viewform?usp=sf_link\">FORMULARIO PARA PEDIR CONSTANCIAS<\/a><\/strong><\/p>\n\n\n\n<p>La&nbsp;Instituci\u00f3n lo completa y el estudiante podr\u00e1 retirarlo por la Instituci\u00f3n en los siguientes plazos establecidos:<\/p>\n\n\n\n<p class=\"has-text-align-center\"><img decoding=\"async\" loading=\"lazy\" width=\"892\" height=\"1324\" class=\"wp-image-943\" style=\"width: 900px;\" src=\"https:\/\/etmoron-bue.infd.edu.ar\/sitio\/wp-content\/uploads\/2024\/12\/TABLA-CONSTANCIAS.jpg\" alt=\"\" srcset=\"https:\/\/etmoron-bue.infd.edu.ar\/sitio\/wp-content\/uploads\/2024\/12\/TABLA-CONSTANCIAS.jpg 892w, https:\/\/etmoron-bue.infd.edu.ar\/sitio\/wp-content\/uploads\/2024\/12\/TABLA-CONSTANCIAS-674x1000.jpg 674w, https:\/\/etmoron-bue.infd.edu.ar\/sitio\/wp-content\/uploads\/2024\/12\/TABLA-CONSTANCIAS-768x1140.jpg 768w\" sizes=\"(max-width: 892px) 100vw, 892px\" \/><\/p>\n<\/div><\/div>\n\n\n\n<p><\/p>\n","protected":false},"excerpt":{"rendered":"","protected":false},"author":715,"featured_media":0,"parent":0,"menu_order":0,"comment_status":"closed","ping_status":"closed","template":"","meta":[],"acf":[],"_links":{"self":[{"href":"https:\/\/etmoron-bue.infd.edu.ar\/sitio\/wp-json\/wp\/v2\/pages\/942"}],"collection":[{"href":"https:\/\/etmoron-bue.infd.edu.ar\/sitio\/wp-json\/wp\/v2\/pages"}],"about":[{"href":"https:\/\/etmoron-bue.infd.edu.ar\/sitio\/wp-json\/wp\/v2\/types\/page"}],"author":[{"embeddable":true,"href":"https:\/\/etmoron-bue.infd.edu.ar\/sitio\/wp-json\/wp\/v2\/users\/715"}],"replies":[{"embeddable":true,"href":"https:\/\/etmoron-bue.infd.edu.ar\/sitio\/wp-json\/wp\/v2\/comments?post=942"}],"version-history":[{"count":19,"href":"https:\/\/etmoron-bue.infd.edu.ar\/sitio\/wp-json\/wp\/v2\/pages\/942\/revisions"}],"predecessor-version":[{"id":1042,"href":"https:\/\/etmoron-bue.infd.edu.ar\/sitio\/wp-json\/wp\/v2\/pages\/942\/revisions\/1042"}],"wp:attachment":[{"href":"https:\/\/etmoron-bue.infd.edu.ar\/sitio\/wp-json\/wp\/v2\/media?parent=942"}],"curies":[{"name":"wp","href":"https:\/\/api.w.org\/{rel}","templated":true}]}}