{"id":733,"date":"2024-09-24T22:24:28","date_gmt":"2024-09-25T01:24:28","guid":{"rendered":"https:\/\/etmoron-bue.infd.edu.ar\/sitio\/?page_id=733"},"modified":"2025-11-01T01:19:22","modified_gmt":"2025-11-01T04:19:22","slug":"oferta-academica","status":"publish","type":"page","link":"https:\/\/etmoron-bue.infd.edu.ar\/sitio\/oferta-academica\/","title":{"rendered":"OFERTA ACAD\u00c9MICA"},"content":{"rendered":"\n<div class=\"wp-block-cover alignfull\" style=\"min-height:1087px\"><span aria-hidden=\"true\" class=\"wp-block-cover__background has-background-dim\"><\/span><img decoding=\"async\" loading=\"lazy\" width=\"1900\" height=\"1299\" class=\"wp-block-cover__image-background wp-image-726\" alt=\"\" src=\"https:\/\/etmoron-bue.infd.edu.ar\/sitio\/wp-content\/uploads\/2024\/09\/art-wedding-blurred-leisure-flame-1900x1299.jpg\" style=\"object-position:31% 53%\" data-object-fit=\"cover\" data-object-position=\"31% 53%\" srcset=\"https:\/\/etmoron-bue.infd.edu.ar\/sitio\/wp-content\/uploads\/2024\/09\/art-wedding-blurred-leisure-flame-1900x1299.jpg 1900w, https:\/\/etmoron-bue.infd.edu.ar\/sitio\/wp-content\/uploads\/2024\/09\/art-wedding-blurred-leisure-flame-1000x684.jpg 1000w, https:\/\/etmoron-bue.infd.edu.ar\/sitio\/wp-content\/uploads\/2024\/09\/art-wedding-blurred-leisure-flame-768x525.jpg 768w, https:\/\/etmoron-bue.infd.edu.ar\/sitio\/wp-content\/uploads\/2024\/09\/art-wedding-blurred-leisure-flame-1536x1050.jpg 1536w, https:\/\/etmoron-bue.infd.edu.ar\/sitio\/wp-content\/uploads\/2024\/09\/art-wedding-blurred-leisure-flame-2048x1400.jpg 2048w\" sizes=\"(max-width: 1900px) 100vw, 1900px\" \/><div class=\"wp-block-cover__inner-container\">\n<p class=\"has-text-align-left\"><strong>De pregrado<\/strong>:<\/p>\n\n\n\n<p class=\"has-text-align-left\"><strong><em><u>Ciclo de Formaci\u00f3n B\u00e1sica<\/u><\/em><\/strong><em><u><\/u><\/em><\/p>\n\n\n\n<p class=\"has-text-align-left\">&nbsp;Su aprobaci\u00f3n es requisito para iniciar&nbsp;&nbsp;las carreras superiores que se brindan en la Instituci\u00f3n (profesorado y tecnicatura).<\/p>\n\n\n\n<p class=\"has-text-align-left\"><strong>Duraci\u00f3n:<\/strong> Un a\u00f1o<\/p>\n\n\n\n<p class=\"has-text-align-left\"><strong>De grado:<\/strong><\/p>\n\n\n\n<p class=\"has-text-align-left\"><strong><em><u><a href=\"https:\/\/drive.google.com\/file\/d\/10GPRoC0huaZXZ-_RT791XwVsKDuLW3gO\/view?usp=drive_link\" target=\"_blank\" rel=\"noreferrer noopener\">Profesorado de Teatro<\/a><\/u><\/em><\/strong><\/p>\n\n\n\n<p class=\"has-text-align-left\"><strong>Duraci\u00f3n:<\/strong> Cuatro a\u00f1os<\/p>\n\n\n\n<p class=\"has-text-align-left\"><strong><em><u><a href=\"https:\/\/drive.google.com\/file\/d\/10GRUhafaLkD9YAl_SSbQWzo6Sreae4rG\/view?usp=drive_link\" target=\"_blank\" rel=\"noreferrer noopener\">Tecnicatura en Actuaci\u00f3n Teatral<\/a><\/u><\/em><\/strong><\/p>\n\n\n\n<p class=\"has-text-align-left\"><strong>Duraci\u00f3n:<\/strong> Tres a\u00f1os \/ Carrera destinada a formar actores o actrices profesionales<\/p>\n\n\n\n<p class=\"has-text-align-left\"><strong>REQUISITOS PARA EL INGRESO<\/strong><\/p>\n\n\n\n<p class=\"has-text-align-left\"><img decoding=\"async\" loading=\"lazy\" width=\"360\" height=\"360\" class=\"wp-image-839\" style=\"width: 29px;\" src=\"https:\/\/etmoron-bue.infd.edu.ar\/sitio\/wp-content\/uploads\/2024\/11\/check-mark.png\" alt=\"\"> Original y fotocopia que acredite la aprobaci\u00f3n del nivel secundario o polimodal (puede cursarse FOBA en simult\u00e1neo con el\u00a0\u00a0\u00faltimo a\u00f1o de nivel secundario o polimodal. En este caso deber\u00e1 presentarse constancia de cursada, m\u00e1s deber\u00e1 contar con el T\u00edtulo Secundario Completo para el Ingreso a Carreras).<\/p>\n\n\n\n<p class=\"has-text-align-left\"><img decoding=\"async\" loading=\"lazy\" width=\"360\" height=\"360\" class=\"wp-image-839\" style=\"width: 29px;\" src=\"https:\/\/etmoron-bue.infd.edu.ar\/sitio\/wp-content\/uploads\/2024\/11\/check-mark.png\" alt=\"\"> Original y fotocopia de Documento Nacional de Identidad (frente y dorso).<\/p>\n\n\n\n<p class=\"has-text-align-left\"><img decoding=\"async\" loading=\"lazy\" width=\"360\" height=\"360\" class=\"wp-image-839\" style=\"width: 29px;\" src=\"https:\/\/etmoron-bue.infd.edu.ar\/sitio\/wp-content\/uploads\/2024\/11\/check-mark.png\" alt=\"\"> Partida de Nacimiento y una copia<\/p>\n\n\n\n<p><img decoding=\"async\" loading=\"lazy\" width=\"360\" height=\"360\" class=\"wp-image-839\" style=\"width: 29px;\" src=\"https:\/\/etmoron-bue.infd.edu.ar\/sitio\/wp-content\/uploads\/2024\/11\/check-mark.png\" alt=\"\"> Dos fotos 4 x 4.<\/p>\n\n\n\n<p class=\"has-text-align-left\"><img decoding=\"async\" loading=\"lazy\" width=\"360\" height=\"360\" class=\"wp-image-839\" style=\"width: 29px;\" src=\"https:\/\/etmoron-bue.infd.edu.ar\/sitio\/wp-content\/uploads\/2024\/11\/check-mark.png\" alt=\"\"> Certificado psico-f\u00edsico (puede provenir de hospital p\u00fablico, cl\u00ednica particular, obra social, sala de primeros auxilios, etc.)<\/p>\n\n\n\n<p class=\"has-text-align-left\"><img decoding=\"async\" loading=\"lazy\" width=\"360\" height=\"360\" class=\"wp-image-839\" style=\"width: 29px;\" src=\"https:\/\/etmoron-bue.infd.edu.ar\/sitio\/wp-content\/uploads\/2024\/11\/check-mark.png\" alt=\"\"> Un folio tama\u00f1o oficio.<\/p>\n\n\n\n<p class=\"has-text-align-left\">** RESERVA DE VACANTES:<\/p>\n\n\n\n<p class=\"has-text-align-left\"><strong>Las vacantes son reservadas cuando la documentaci\u00f3n requerida en p\u00e1rrafo precedente es entregada en su totalidad<\/strong><\/p>\n\n\n\n<p class=\"has-text-align-center\"><img decoding=\"async\" loading=\"lazy\" width=\"1214\" height=\"2000\" class=\"wp-image-1047\" style=\"width: 800px;\" src=\"https:\/\/etmoron-bue.infd.edu.ar\/sitio\/wp-content\/uploads\/2024\/12\/Folleto.png.png\" alt=\"\" srcset=\"https:\/\/etmoron-bue.infd.edu.ar\/sitio\/wp-content\/uploads\/2024\/12\/Folleto.png.png 1214w, https:\/\/etmoron-bue.infd.edu.ar\/sitio\/wp-content\/uploads\/2024\/12\/Folleto.png-607x1000.png 607w, https:\/\/etmoron-bue.infd.edu.ar\/sitio\/wp-content\/uploads\/2024\/12\/Folleto.png-1153x1900.png 1153w, https:\/\/etmoron-bue.infd.edu.ar\/sitio\/wp-content\/uploads\/2024\/12\/Folleto.png-768x1265.png 768w, https:\/\/etmoron-bue.infd.edu.ar\/sitio\/wp-content\/uploads\/2024\/12\/Folleto.png-932x1536.png 932w\" sizes=\"(max-width: 1214px) 100vw, 1214px\" \/><\/p>\n<\/div><\/div>\n","protected":false},"excerpt":{"rendered":"","protected":false},"author":6,"featured_media":0,"parent":0,"menu_order":0,"comment_status":"closed","ping_status":"closed","template":"","meta":[],"acf":[],"_links":{"self":[{"href":"https:\/\/etmoron-bue.infd.edu.ar\/sitio\/wp-json\/wp\/v2\/pages\/733"}],"collection":[{"href":"https:\/\/etmoron-bue.infd.edu.ar\/sitio\/wp-json\/wp\/v2\/pages"}],"about":[{"href":"https:\/\/etmoron-bue.infd.edu.ar\/sitio\/wp-json\/wp\/v2\/types\/page"}],"author":[{"embeddable":true,"href":"https:\/\/etmoron-bue.infd.edu.ar\/sitio\/wp-json\/wp\/v2\/users\/6"}],"replies":[{"embeddable":true,"href":"https:\/\/etmoron-bue.infd.edu.ar\/sitio\/wp-json\/wp\/v2\/comments?post=733"}],"version-history":[{"count":16,"href":"https:\/\/etmoron-bue.infd.edu.ar\/sitio\/wp-json\/wp\/v2\/pages\/733\/revisions"}],"predecessor-version":[{"id":1646,"href":"https:\/\/etmoron-bue.infd.edu.ar\/sitio\/wp-json\/wp\/v2\/pages\/733\/revisions\/1646"}],"wp:attachment":[{"href":"https:\/\/etmoron-bue.infd.edu.ar\/sitio\/wp-json\/wp\/v2\/media?parent=733"}],"curies":[{"name":"wp","href":"https:\/\/api.w.org\/{rel}","templated":true}]}}