{"id":1851,"date":"2026-02-20T20:48:19","date_gmt":"2026-02-20T23:48:19","guid":{"rendered":"https:\/\/etmoron-bue.infd.edu.ar\/sitio\/?page_id=1851"},"modified":"2026-02-23T19:06:53","modified_gmt":"2026-02-23T22:06:53","slug":"biblioteca","status":"publish","type":"page","link":"https:\/\/etmoron-bue.infd.edu.ar\/sitio\/biblioteca\/","title":{"rendered":"BIBLIOTECA"},"content":{"rendered":"\n<p>La Biblioteca de la Escuela de Teatro de Mor\u00f3n es un espacio integrado a la comunidad educativa de la instituci\u00f3n, con material especializado orientado a la literatura, la ense\u00f1anza y a los quehaceres del arte teatral.<br>Su fondo bibliogr\u00e1fico est\u00e1 compuesto por recursos de lectura y consulta, tanto f\u00edsicos como digitales, incluyendo libros, trabajos acad\u00e9micos y material audiovisual.<br>Cuenta adem\u00e1s con computadoras conectadas a internet para ser utilizadas en el radio de la escuela.<\/p>\n\n\n\n<p>Horarios: lunes a viernes de 18.00 a 22.00 horas<br><img decoding=\"async\" loading=\"lazy\" src=\"https:\/\/etmoron-bue.infd.edu.ar\/sitio\/wp-content\/uploads\/2026\/02\/2250206.png\" alt=\"\" width=\"29\" height=\"29\" srcset=\"https:\/\/etmoron-bue.infd.edu.ar\/sitio\/wp-content\/uploads\/2026\/02\/2250206.png 512w, https:\/\/etmoron-bue.infd.edu.ar\/sitio\/wp-content\/uploads\/2026\/02\/2250206-500x500.png 500w\">&nbsp;e-mail: biblio.etm@gmail.com<\/p>\n","protected":false},"excerpt":{"rendered":"<p>La Biblioteca de la Escuela de Teatro de Mor\u00f3n es un espacio integrado a la comunidad educativa de la instituci\u00f3n, con material especializado orientado a la literatura, la ense\u00f1anza y a los quehaceres del arte teatral.Su fondo bibliogr\u00e1fico est\u00e1 compuesto por recursos de lectura y consulta, tanto f\u00edsicos como digitales, incluyendo libros, trabajos acad\u00e9micos y &#8230; <a title=\"BIBLIOTECA\" class=\"read-more\" href=\"https:\/\/etmoron-bue.infd.edu.ar\/sitio\/biblioteca\/\" aria-label=\"More on BIBLIOTECA\">[+]<\/a><\/p>\n","protected":false},"author":715,"featured_media":0,"parent":0,"menu_order":0,"comment_status":"closed","ping_status":"closed","template":"","meta":[],"acf":[],"_links":{"self":[{"href":"https:\/\/etmoron-bue.infd.edu.ar\/sitio\/wp-json\/wp\/v2\/pages\/1851"}],"collection":[{"href":"https:\/\/etmoron-bue.infd.edu.ar\/sitio\/wp-json\/wp\/v2\/pages"}],"about":[{"href":"https:\/\/etmoron-bue.infd.edu.ar\/sitio\/wp-json\/wp\/v2\/types\/page"}],"author":[{"embeddable":true,"href":"https:\/\/etmoron-bue.infd.edu.ar\/sitio\/wp-json\/wp\/v2\/users\/715"}],"replies":[{"embeddable":true,"href":"https:\/\/etmoron-bue.infd.edu.ar\/sitio\/wp-json\/wp\/v2\/comments?post=1851"}],"version-history":[{"count":1,"href":"https:\/\/etmoron-bue.infd.edu.ar\/sitio\/wp-json\/wp\/v2\/pages\/1851\/revisions"}],"predecessor-version":[{"id":1853,"href":"https:\/\/etmoron-bue.infd.edu.ar\/sitio\/wp-json\/wp\/v2\/pages\/1851\/revisions\/1853"}],"wp:attachment":[{"href":"https:\/\/etmoron-bue.infd.edu.ar\/sitio\/wp-json\/wp\/v2\/media?parent=1851"}],"curies":[{"name":"wp","href":"https:\/\/api.w.org\/{rel}","templated":true}]}}