{"id":1318,"date":"2025-02-17T21:23:55","date_gmt":"2025-02-18T00:23:55","guid":{"rendered":"https:\/\/etmoron-bue.infd.edu.ar\/sitio\/?page_id=1318"},"modified":"2026-04-18T09:58:50","modified_gmt":"2026-04-18T12:58:50","slug":"distribucion-de-aulas","status":"publish","type":"page","link":"https:\/\/etmoron-bue.infd.edu.ar\/sitio\/distribucion-de-aulas\/","title":{"rendered":"DISTRIBUCI\u00d3N DE AULAS"},"content":{"rendered":"\n<p class=\"has-luminous-vivid-amber-to-luminous-vivid-orange-gradient-background has-background has-large-font-size\"><a href=\"https:\/\/docs.google.com\/spreadsheets\/d\/1qx_nfDMH4jSE8JOc9GCCEfs62Q0XYht3NCp3wgnBHGU\/edit?usp=sharing\" target=\"_blank\" rel=\"noreferrer noopener\">*** USO DE AULAS 2026 ETM ***<\/a><\/p>\n\n\n\n<p>Considerando que las Aulas son los espacios fundamentales para que pueda llevarse a cabo la clase o pr\u00e1ctica de aprendizaje es que la Conducci\u00f3n destina un momento importante para la organizaci\u00f3n detallada y predefinida para cada materia, considerando las necesidades y peticiones anticipadamente por lo que la asignaci\u00f3n seg\u00fan la grilla debe respetarse para evitar cualquier tipo de conflicto entre integrantes de la comunidad.<\/p>\n\n\n\n<p class=\"has-luminous-vivid-amber-to-luminous-vivid-orange-gradient-background has-background\">La presente asignaci\u00f3n no anula la posibilidad de que, entre c\u00e1tedras y de com\u00fan acuerdo, puedan intercambiar los espacios de trabajo en funcion de necesidades especiales puntuales de manera EXCEPCIONAL en alguna de sus fechas sin ning\u00fan inconveniente con previo aviso a PRECEPTOR\u00cdA, por una cuesti\u00f3n de organizaci\u00f3n de los limitados espacios con los que contamos para poder disponer de ellos.<\/p>\n\n\n\n<p class=\"has-luminous-vivid-amber-to-luminous-vivid-orange-gradient-background has-background\">Much\u00edsimas Gracias!!!   Nos vemos en las AULAS!!!<\/p>\n\n\n\n<p class=\"has-luminous-vivid-amber-to-luminous-vivid-orange-gradient-background has-background\"><strong><em>Equipo de Conducci\u00f3n ETM<\/em><\/strong><\/p>\n","protected":false},"excerpt":{"rendered":"<p>*** USO DE AULAS 2026 ETM *** Considerando que las Aulas son los espacios fundamentales para que pueda llevarse a cabo la clase o pr\u00e1ctica de aprendizaje es que la Conducci\u00f3n destina un momento importante para la organizaci\u00f3n detallada y predefinida para cada materia, considerando las necesidades y peticiones anticipadamente por lo que la asignaci\u00f3n &#8230; <a title=\"DISTRIBUCI\u00d3N DE AULAS\" class=\"read-more\" href=\"https:\/\/etmoron-bue.infd.edu.ar\/sitio\/distribucion-de-aulas\/\" aria-label=\"More on DISTRIBUCI\u00d3N DE AULAS\">[+]<\/a><\/p>\n","protected":false},"author":6,"featured_media":0,"parent":0,"menu_order":0,"comment_status":"closed","ping_status":"closed","template":"","meta":[],"acf":[],"_links":{"self":[{"href":"https:\/\/etmoron-bue.infd.edu.ar\/sitio\/wp-json\/wp\/v2\/pages\/1318"}],"collection":[{"href":"https:\/\/etmoron-bue.infd.edu.ar\/sitio\/wp-json\/wp\/v2\/pages"}],"about":[{"href":"https:\/\/etmoron-bue.infd.edu.ar\/sitio\/wp-json\/wp\/v2\/types\/page"}],"author":[{"embeddable":true,"href":"https:\/\/etmoron-bue.infd.edu.ar\/sitio\/wp-json\/wp\/v2\/users\/6"}],"replies":[{"embeddable":true,"href":"https:\/\/etmoron-bue.infd.edu.ar\/sitio\/wp-json\/wp\/v2\/comments?post=1318"}],"version-history":[{"count":6,"href":"https:\/\/etmoron-bue.infd.edu.ar\/sitio\/wp-json\/wp\/v2\/pages\/1318\/revisions"}],"predecessor-version":[{"id":1976,"href":"https:\/\/etmoron-bue.infd.edu.ar\/sitio\/wp-json\/wp\/v2\/pages\/1318\/revisions\/1976"}],"wp:attachment":[{"href":"https:\/\/etmoron-bue.infd.edu.ar\/sitio\/wp-json\/wp\/v2\/media?parent=1318"}],"curies":[{"name":"wp","href":"https:\/\/api.w.org\/{rel}","templated":true}]}}