{"id":1315,"date":"2025-02-17T21:23:32","date_gmt":"2025-02-18T00:23:32","guid":{"rendered":"https:\/\/etmoron-bue.infd.edu.ar\/sitio\/?page_id=1315"},"modified":"2026-04-18T09:57:29","modified_gmt":"2026-04-18T12:57:29","slug":"uso-de-sum","status":"publish","type":"page","link":"https:\/\/etmoron-bue.infd.edu.ar\/sitio\/uso-de-sum\/","title":{"rendered":"USO DE SUM"},"content":{"rendered":"\n<p class=\"has-text-align-center has-luminous-vivid-amber-to-luminous-vivid-orange-gradient-background has-background has-large-font-size\"><a href=\"https:\/\/docs.google.com\/spreadsheets\/d\/1Tk4X6B_5XH9hT9c90_9sDNmL193lfu3i1tamKqromkE\/edit?gid=1190678019#gid=1190678019\" target=\"_blank\" rel=\"noreferrer noopener\">*** USO DEL SUM 2026 ***<\/a><\/p>\n\n\n\n<p>Este enlace te dirige a un Excell que contiene mes a mes la organizaci\u00f3n del USO DEL SUM por parte de materias de ambas Carreras. A cada mes puede accederse buscando abajo en las pesta\u00f1as diferenciadas. Hac\u00e9 clic en ellas.<\/p>\n\n\n\n<p>Nos vemos en el SUM !!!<\/p>\n\n\n\n<p>Conducci\u00f3n ETM-<\/p>\n","protected":false},"excerpt":{"rendered":"<p>*** USO DEL SUM 2026 *** Este enlace te dirige a un Excell que contiene mes a mes la organizaci\u00f3n del USO DEL SUM por parte de materias de ambas Carreras. A cada mes puede accederse buscando abajo en las pesta\u00f1as diferenciadas. Hac\u00e9 clic en ellas. Nos vemos en el SUM !!! Conducci\u00f3n ETM-<\/p>\n","protected":false},"author":6,"featured_media":0,"parent":0,"menu_order":0,"comment_status":"closed","ping_status":"closed","template":"","meta":[],"acf":[],"_links":{"self":[{"href":"https:\/\/etmoron-bue.infd.edu.ar\/sitio\/wp-json\/wp\/v2\/pages\/1315"}],"collection":[{"href":"https:\/\/etmoron-bue.infd.edu.ar\/sitio\/wp-json\/wp\/v2\/pages"}],"about":[{"href":"https:\/\/etmoron-bue.infd.edu.ar\/sitio\/wp-json\/wp\/v2\/types\/page"}],"author":[{"embeddable":true,"href":"https:\/\/etmoron-bue.infd.edu.ar\/sitio\/wp-json\/wp\/v2\/users\/6"}],"replies":[{"embeddable":true,"href":"https:\/\/etmoron-bue.infd.edu.ar\/sitio\/wp-json\/wp\/v2\/comments?post=1315"}],"version-history":[{"count":4,"href":"https:\/\/etmoron-bue.infd.edu.ar\/sitio\/wp-json\/wp\/v2\/pages\/1315\/revisions"}],"predecessor-version":[{"id":1975,"href":"https:\/\/etmoron-bue.infd.edu.ar\/sitio\/wp-json\/wp\/v2\/pages\/1315\/revisions\/1975"}],"wp:attachment":[{"href":"https:\/\/etmoron-bue.infd.edu.ar\/sitio\/wp-json\/wp\/v2\/media?parent=1315"}],"curies":[{"name":"wp","href":"https:\/\/api.w.org\/{rel}","templated":true}]}}