{"id":1303,"date":"2025-02-17T21:17:38","date_gmt":"2025-02-18T00:17:38","guid":{"rendered":"https:\/\/etmoron-bue.infd.edu.ar\/sitio\/?page_id=1303"},"modified":"2025-10-31T22:42:37","modified_gmt":"2025-11-01T01:42:37","slug":"pase","status":"publish","type":"page","link":"https:\/\/etmoron-bue.infd.edu.ar\/sitio\/pase\/","title":{"rendered":"PASE"},"content":{"rendered":"\n<p><em>ESTUDIANTES CON PASE DE OTROS ESTABLECIMIENTOS:<\/em><\/p>\n\n\n\n<p>Podr\u00e1n ingresar\u00a0 de manera directa estudiantes provenientes de otros establecimientos con mismo Plan de Estudios (mismo n\u00famero de Resoluci\u00f3n 175\/11 para Profesorado de Teatro o 13255\/99 Tecnicatura en Actuaci\u00f3n Teatral)\u00a0 realizando el tr\u00e1mite correspondiente.\u00a0<\/p>\n\n\n\n<p>Quienes&nbsp; ingresen por pase de otros establecimientos y que adeuden la acreditaci\u00f3n final de una o m\u00e1s unidades curriculares, mantendr\u00e1n la validez de la cursada pero deber\u00e1n adecuarse a las condiciones fijadas en el Plan Institucional de Evaluaci\u00f3n de la Instituci\u00f3n receptora.<\/p>\n\n\n\n<p class=\"has-luminous-vivid-amber-to-luminous-vivid-orange-gradient-background has-background\">Pod\u00e9s realizar la consulta al Equipo Administrativo de ETM v\u00eda mail a <a href=\"mailto:escueladeteatrodemoron01@gmail.com\">escueladeteatrodemoron01@gmail.com<\/a><\/p>\n","protected":false},"excerpt":{"rendered":"<p>ESTUDIANTES CON PASE DE OTROS ESTABLECIMIENTOS: Podr\u00e1n ingresar\u00a0 de manera directa estudiantes provenientes de otros establecimientos con mismo Plan de Estudios (mismo n\u00famero de Resoluci\u00f3n 175\/11 para Profesorado de Teatro o 13255\/99 Tecnicatura en Actuaci\u00f3n Teatral)\u00a0 realizando el tr\u00e1mite correspondiente.\u00a0 Quienes&nbsp; ingresen por pase de otros establecimientos y que adeuden la acreditaci\u00f3n final de una &#8230; <a title=\"PASE\" class=\"read-more\" href=\"https:\/\/etmoron-bue.infd.edu.ar\/sitio\/pase\/\" aria-label=\"More on PASE\">[+]<\/a><\/p>\n","protected":false},"author":715,"featured_media":0,"parent":0,"menu_order":0,"comment_status":"closed","ping_status":"closed","template":"","meta":[],"acf":[],"_links":{"self":[{"href":"https:\/\/etmoron-bue.infd.edu.ar\/sitio\/wp-json\/wp\/v2\/pages\/1303"}],"collection":[{"href":"https:\/\/etmoron-bue.infd.edu.ar\/sitio\/wp-json\/wp\/v2\/pages"}],"about":[{"href":"https:\/\/etmoron-bue.infd.edu.ar\/sitio\/wp-json\/wp\/v2\/types\/page"}],"author":[{"embeddable":true,"href":"https:\/\/etmoron-bue.infd.edu.ar\/sitio\/wp-json\/wp\/v2\/users\/715"}],"replies":[{"embeddable":true,"href":"https:\/\/etmoron-bue.infd.edu.ar\/sitio\/wp-json\/wp\/v2\/comments?post=1303"}],"version-history":[{"count":3,"href":"https:\/\/etmoron-bue.infd.edu.ar\/sitio\/wp-json\/wp\/v2\/pages\/1303\/revisions"}],"predecessor-version":[{"id":1642,"href":"https:\/\/etmoron-bue.infd.edu.ar\/sitio\/wp-json\/wp\/v2\/pages\/1303\/revisions\/1642"}],"wp:attachment":[{"href":"https:\/\/etmoron-bue.infd.edu.ar\/sitio\/wp-json\/wp\/v2\/media?parent=1303"}],"curies":[{"name":"wp","href":"https:\/\/api.w.org\/{rel}","templated":true}]}}