{"id":1300,"date":"2025-02-17T21:17:20","date_gmt":"2025-02-18T00:17:20","guid":{"rendered":"https:\/\/etmoron-bue.infd.edu.ar\/sitio\/?page_id=1300"},"modified":"2025-10-31T22:41:04","modified_gmt":"2025-11-01T01:41:04","slug":"ingreso-directo","status":"publish","type":"page","link":"https:\/\/etmoron-bue.infd.edu.ar\/sitio\/ingreso-directo\/","title":{"rendered":"INGRESO DIRECTO"},"content":{"rendered":"\n<p>Podr\u00e1n ingresar estudiantes de manera directa a la Carrera que elijan siempre que cuenten con FOBA terminado y acreditado o provengan de Escuelas Secundarias Especializadas en Arte Teatro o alg\u00fan tramo de Carrera similar en otra Instituci\u00f3n.<\/p>\n\n\n\n<p class=\"has-luminous-vivid-amber-to-luminous-vivid-orange-gradient-background has-background\">Pod\u00e9s realizar la consulta al Equipo Administrativo de ETM v\u00eda mail a <a href=\"mailto:escueladeteatrodemoron01@gmail.com\">escueladeteatrodemoron01@gmail.com<\/a><\/p>\n","protected":false},"excerpt":{"rendered":"<p>Podr\u00e1n ingresar estudiantes de manera directa a la Carrera que elijan siempre que cuenten con FOBA terminado y acreditado o provengan de Escuelas Secundarias Especializadas en Arte Teatro o alg\u00fan tramo de Carrera similar en otra Instituci\u00f3n. Pod\u00e9s realizar la consulta al Equipo Administrativo de ETM v\u00eda mail a escueladeteatrodemoron01@gmail.com<\/p>\n","protected":false},"author":715,"featured_media":0,"parent":0,"menu_order":0,"comment_status":"closed","ping_status":"closed","template":"","meta":[],"acf":[],"_links":{"self":[{"href":"https:\/\/etmoron-bue.infd.edu.ar\/sitio\/wp-json\/wp\/v2\/pages\/1300"}],"collection":[{"href":"https:\/\/etmoron-bue.infd.edu.ar\/sitio\/wp-json\/wp\/v2\/pages"}],"about":[{"href":"https:\/\/etmoron-bue.infd.edu.ar\/sitio\/wp-json\/wp\/v2\/types\/page"}],"author":[{"embeddable":true,"href":"https:\/\/etmoron-bue.infd.edu.ar\/sitio\/wp-json\/wp\/v2\/users\/715"}],"replies":[{"embeddable":true,"href":"https:\/\/etmoron-bue.infd.edu.ar\/sitio\/wp-json\/wp\/v2\/comments?post=1300"}],"version-history":[{"count":2,"href":"https:\/\/etmoron-bue.infd.edu.ar\/sitio\/wp-json\/wp\/v2\/pages\/1300\/revisions"}],"predecessor-version":[{"id":1640,"href":"https:\/\/etmoron-bue.infd.edu.ar\/sitio\/wp-json\/wp\/v2\/pages\/1300\/revisions\/1640"}],"wp:attachment":[{"href":"https:\/\/etmoron-bue.infd.edu.ar\/sitio\/wp-json\/wp\/v2\/media?parent=1300"}],"curies":[{"name":"wp","href":"https:\/\/api.w.org\/{rel}","templated":true}]}}