{"id":1297,"date":"2025-02-17T21:16:30","date_gmt":"2025-02-18T00:16:30","guid":{"rendered":"https:\/\/etmoron-bue.infd.edu.ar\/sitio\/?page_id=1297"},"modified":"2025-10-31T22:39:24","modified_gmt":"2025-11-01T01:39:24","slug":"nivelacion","status":"publish","type":"page","link":"https:\/\/etmoron-bue.infd.edu.ar\/sitio\/nivelacion\/","title":{"rendered":"NIVELACI\u00d3N"},"content":{"rendered":"\n<p>Puede ser parcial o completa. Lo solicita el ingresante cuando diga haber transitado por cursos relativos y\/o espec\u00edficos de las materias del ciclo de formaci\u00f3n B\u00e1sica o tenga experiencia en teatro que cuenta como educaci\u00f3n no formal. Puede ser tambi\u00e9n Escuela de Arte (ex Est\u00e9tica) o ser docente o&nbsp; estar formadx en alguno de los contenidos de foba pero no tiene documento que lo certifique. El turno de las mesas de ex\u00e1men es en febrero \/ marzo del ciclo a comenzar y se pide orientaci\u00f3n en Diciembre al momento de la Inscripci\u00f3n.<\/p>\n\n\n\n<p class=\"has-luminous-vivid-amber-to-luminous-vivid-orange-gradient-background has-background\">Pod\u00e9s realizar la consulta al Equipo Administrativo de ETM v\u00eda mail a <a href=\"mailto:escueladeteatrodemoron01@gmail.com\">escueladeteatrodemoron01@gmail.com<\/a><\/p>\n","protected":false},"excerpt":{"rendered":"<p>Puede ser parcial o completa. Lo solicita el ingresante cuando diga haber transitado por cursos relativos y\/o espec\u00edficos de las materias del ciclo de formaci\u00f3n B\u00e1sica o tenga experiencia en teatro que cuenta como educaci\u00f3n no formal. Puede ser tambi\u00e9n Escuela de Arte (ex Est\u00e9tica) o ser docente o&nbsp; estar formadx en alguno de los &#8230; <a title=\"NIVELACI\u00d3N\" class=\"read-more\" href=\"https:\/\/etmoron-bue.infd.edu.ar\/sitio\/nivelacion\/\" aria-label=\"More on NIVELACI\u00d3N\">[+]<\/a><\/p>\n","protected":false},"author":715,"featured_media":0,"parent":0,"menu_order":0,"comment_status":"closed","ping_status":"closed","template":"","meta":[],"acf":[],"_links":{"self":[{"href":"https:\/\/etmoron-bue.infd.edu.ar\/sitio\/wp-json\/wp\/v2\/pages\/1297"}],"collection":[{"href":"https:\/\/etmoron-bue.infd.edu.ar\/sitio\/wp-json\/wp\/v2\/pages"}],"about":[{"href":"https:\/\/etmoron-bue.infd.edu.ar\/sitio\/wp-json\/wp\/v2\/types\/page"}],"author":[{"embeddable":true,"href":"https:\/\/etmoron-bue.infd.edu.ar\/sitio\/wp-json\/wp\/v2\/users\/715"}],"replies":[{"embeddable":true,"href":"https:\/\/etmoron-bue.infd.edu.ar\/sitio\/wp-json\/wp\/v2\/comments?post=1297"}],"version-history":[{"count":2,"href":"https:\/\/etmoron-bue.infd.edu.ar\/sitio\/wp-json\/wp\/v2\/pages\/1297\/revisions"}],"predecessor-version":[{"id":1639,"href":"https:\/\/etmoron-bue.infd.edu.ar\/sitio\/wp-json\/wp\/v2\/pages\/1297\/revisions\/1639"}],"wp:attachment":[{"href":"https:\/\/etmoron-bue.infd.edu.ar\/sitio\/wp-json\/wp\/v2\/media?parent=1297"}],"curies":[{"name":"wp","href":"https:\/\/api.w.org\/{rel}","templated":true}]}}