{"id":1294,"date":"2025-02-17T21:13:28","date_gmt":"2025-02-18T00:13:28","guid":{"rendered":"https:\/\/etmoron-bue.infd.edu.ar\/sitio\/?page_id=1294"},"modified":"2025-10-31T22:38:06","modified_gmt":"2025-11-01T01:38:06","slug":"foba","status":"publish","type":"page","link":"https:\/\/etmoron-bue.infd.edu.ar\/sitio\/foba\/","title":{"rendered":"FOBA"},"content":{"rendered":"\n<p>Pregrado \/ Ciclo de Formaci\u00f3n B\u00e1sica<\/p>\n\n\n\n<p>&nbsp;Es un ciclo de materias espec\u00edficas que provee a todo ingresante de las herramientas necesarias para&nbsp; las carreras superiores que se brindan en la Instituci\u00f3n (profesorado y tecnicatura).<\/p>\n\n\n\n<p class=\"has-luminous-vivid-amber-to-luminous-vivid-orange-gradient-background has-background\">\u2013 Duraci\u00f3n: un a\u00f1o&nbsp;<\/p>\n\n\n\n<p>ESTRUCTURA CURRICULAR<\/p>\n\n\n\n<figure class=\"wp-block-table\"><table><tbody><tr><td><strong>FOBA<\/strong><\/td><\/tr><tr><td>Actuaci\u00f3n<\/td><\/tr><tr><td>Movimiento<\/td><\/tr><tr><td>Voz<\/td><\/tr><tr><td>Escenopl\u00e1stica<\/td><\/tr><tr><td>Iniciaci\u00f3n en el An\u00e1lisis de la Producci\u00f3n Teatral<\/td><\/tr><tr><td>Espacio Institucional de Integraci\u00f3n con otros Lenguajes<\/td><\/tr><\/tbody><\/table><\/figure>\n\n\n\n<p><strong>REQUISITOS PARA EL INGRESO<\/strong><\/p>\n\n\n\n<p>1- Completar el formulario de \u00a0<a rel=\"noreferrer noopener\" href=\"https:\/\/forms.gle\/jXa9WLRSa64bwS8w9\" target=\"_blank\">PREINSCRIPCION INGRESANTES 2026 Virtual<\/a>\u00a0<\/p>\n\n\n\n<p>2- Original y fotocopia que acredite la aprobaci\u00f3n del nivel secundario (tambi\u00e9n puede cursarse FOBA en simult\u00e1neo con el \u00faltimo a\u00f1o de nivel secundario. En este caso deber\u00e1 presentarse constancia de alumn@ regular, PERO ES CONDICION EXCLUYENTE CONTAR CON EL AL INICIAR LA CARRERA).<\/p>\n\n\n\n<p>3- Original y copia de Documento Nacional de Identidad (frente y dorso).<\/p>\n\n\n\n<p>4- Copia de la Partida de Nacimiento<\/p>\n\n\n\n<p>5- Dos fotos 4&#215;4.<\/p>\n\n\n\n<p>6- Certificado psicof\u00edsico (de hospital p\u00fablico, cl\u00ednica particular, obra social, sala de primeros auxilios, etc.)<\/p>\n\n\n\n<p>7- Un folio tama\u00f1o oficio.<\/p>\n\n\n\n<p>8- Comprobante de pago Asociaci\u00f3n Cooperadora.<\/p>\n\n\n\n<p><\/p>\n\n\n\n<p>** RESERVA DE VACANTES:<\/p>\n\n\n\n<p>Las vacantes son reservadas cuando la documentaci\u00f3n requerida es entregada en su totalidad el dia de la CITA.<\/p>\n\n\n\n<p><\/p>\n\n\n\n<p class=\"has-luminous-vivid-amber-to-luminous-vivid-orange-gradient-background has-background has-medium-font-size\"><strong><em>Anotate!!!<\/em><\/strong>  &#x1f3ad;<\/p>\n\n\n\n<p class=\"has-luminous-vivid-amber-to-luminous-vivid-orange-gradient-background has-background has-medium-font-size\">Formulario de&nbsp;<a rel=\"noreferrer noopener\" href=\"https:\/\/forms.gle\/jXa9WLRSa64bwS8w9\" target=\"_blank\">PREINSCRIPCION INGRESANTES 2026 Virtual<\/a>&nbsp;<\/p>\n\n\n\n<p>Pod\u00e9s realizar la consulta al Equipo Administrativo de ETM v\u00eda mail a <a href=\"mailto:escueladeteatrodemoron01@gmail.com\">escueladeteatrodemoron01@gmail.com<\/a><\/p>\n\n\n\n<p><em>EQUIPO ETM<\/em><\/p>\n","protected":false},"excerpt":{"rendered":"<p>Pregrado \/ Ciclo de Formaci\u00f3n B\u00e1sica &nbsp;Es un ciclo de materias espec\u00edficas que provee a todo ingresante de las herramientas necesarias para&nbsp; las carreras superiores que se brindan en la Instituci\u00f3n (profesorado y tecnicatura). \u2013 Duraci\u00f3n: un a\u00f1o&nbsp; ESTRUCTURA CURRICULAR FOBA Actuaci\u00f3n Movimiento Voz Escenopl\u00e1stica Iniciaci\u00f3n en el An\u00e1lisis de la Producci\u00f3n Teatral Espacio Institucional &#8230; <a title=\"FOBA\" class=\"read-more\" href=\"https:\/\/etmoron-bue.infd.edu.ar\/sitio\/foba\/\" aria-label=\"More on FOBA\">[+]<\/a><\/p>\n","protected":false},"author":715,"featured_media":0,"parent":0,"menu_order":0,"comment_status":"closed","ping_status":"closed","template":"","meta":[],"acf":[],"_links":{"self":[{"href":"https:\/\/etmoron-bue.infd.edu.ar\/sitio\/wp-json\/wp\/v2\/pages\/1294"}],"collection":[{"href":"https:\/\/etmoron-bue.infd.edu.ar\/sitio\/wp-json\/wp\/v2\/pages"}],"about":[{"href":"https:\/\/etmoron-bue.infd.edu.ar\/sitio\/wp-json\/wp\/v2\/types\/page"}],"author":[{"embeddable":true,"href":"https:\/\/etmoron-bue.infd.edu.ar\/sitio\/wp-json\/wp\/v2\/users\/715"}],"replies":[{"embeddable":true,"href":"https:\/\/etmoron-bue.infd.edu.ar\/sitio\/wp-json\/wp\/v2\/comments?post=1294"}],"version-history":[{"count":3,"href":"https:\/\/etmoron-bue.infd.edu.ar\/sitio\/wp-json\/wp\/v2\/pages\/1294\/revisions"}],"predecessor-version":[{"id":1638,"href":"https:\/\/etmoron-bue.infd.edu.ar\/sitio\/wp-json\/wp\/v2\/pages\/1294\/revisions\/1638"}],"wp:attachment":[{"href":"https:\/\/etmoron-bue.infd.edu.ar\/sitio\/wp-json\/wp\/v2\/media?parent=1294"}],"curies":[{"name":"wp","href":"https:\/\/api.w.org\/{rel}","templated":true}]}}