{"id":1261,"date":"2025-02-17T20:06:45","date_gmt":"2025-02-17T23:06:45","guid":{"rendered":"https:\/\/etmoron-bue.infd.edu.ar\/sitio\/?page_id=1261"},"modified":"2026-02-23T19:54:13","modified_gmt":"2026-02-23T22:54:13","slug":"banco-de-obras","status":"publish","type":"page","link":"https:\/\/etmoron-bue.infd.edu.ar\/sitio\/banco-de-obras\/","title":{"rendered":"BANCO DE OBRAS&#x1f3ad;"},"content":{"rendered":"\n<p>Este es el Espacio para registrar tu Producci\u00f3n: obra, performance, hecho teatral de cursada o de residencia de fin de Carrera. Con esta inscripci\u00f3n contamos con &nbsp;la posibilidad de participar en eventos vinculados a ETM, siempre bajo consulta previa. Nos da gusto continuar en contacto y seguir apostando a QUE EL TEATRO SUCEDA!!!<br>Gracias!<\/p>\n\n\n\n<p><\/p>\n\n\n\n<p class=\"has-luminous-vivid-amber-to-luminous-vivid-orange-gradient-background has-background has-large-font-size\"><a rel=\"noreferrer noopener\" href=\"https:\/\/forms.gle\/MaVXzDVmBSAdUFCw9\" data-type=\"URL\" data-id=\"https:\/\/forms.gle\/MaVXzDVmBSAdUFCw9\" target=\"_blank\">BANCO DE OBRAS &#8211; ETM<\/a><\/p>\n\n\n\n<p>Tiene por objeto garantizar la preservaci\u00f3n de producciones de alumnos y alumnas de la instituci\u00f3n, brindando a la vez la posibilidad de su difusi\u00f3n.<\/p>\n\n\n\n<p>V\u00ednculos:<\/p>\n\n\n\n<p class=\"has-text-align-center has-medium-font-size\">\u201cInterferencia\u201d \u2013 FOBA \u201cA\u201d (Actuaci\u00f3n) \u2013 a\u00f1o 2025<\/p>\n\n\n<p style=\"text-align: center;\"><iframe loading=\"lazy\" src=\"https:\/\/drive.google.com\/file\/d\/1e_3Umg6UqQgbn72yqadKpOUZ9gXGXoqv\/preview\" width=\"640\" height=\"480\" allowfullscreen=\"allowfullscreen\"><\/iframe><\/p>\n\n\n<p class=\"has-text-align-center\">Mujer jud\u00eda \u2013 FOBA \u201cA\u201d (Actuaci\u00f3n) \u2013 a\u00f1o 2025<\/p>\n\n\n<p style=\"text-align: center;\"><iframe loading=\"lazy\" src=\"https:\/\/drive.google.com\/file\/d\/1wOB9MLKPedVtGi32PL8i71aWL1kZAzkO\/preview\" width=\"640\" height=\"480\" allowfullscreen=\"allowfullscreen\"><\/iframe><\/p>\n<p>\u00a0<\/p>\n<p><!-- \/wp:paragraph --><\/p>\n<p><!-- wp:paragraph --><\/p>\n<p><!-- \/wp:paragraph --><\/p>\n<p><!-- wp:paragraph {\"align\":\"center\",\"fontSize\":\"medium\"} --><\/p>\n<p class=\"has-text-align-center has-medium-font-size\">\u201cUn sucio problema\u201d \u2013 FOBA \u201cA\u201d (Actuaci\u00f3n) \u2013 A\u00f1o 2025<\/p>\n<p><!-- \/wp:paragraph --><\/p>\n<p><!-- wp:paragraph --><\/p>\n<p style=\"text-align: center;\"><iframe loading=\"lazy\" src=\"https:\/\/drive.google.com\/file\/d\/1mI9TR630rl30X0BuY4J-ZeCAWpsygmxQ\/preview\" width=\"640\" height=\"480\" allowfullscreen=\"allowfullscreen\"><\/iframe><\/p>\n<p><!-- \/wp:paragraph --><\/p>\n<p><!-- wp:paragraph {\"align\":\"center\",\"fontSize\":\"medium\"} --><\/p>\n<p class=\"has-text-align-center has-medium-font-size\">\u201cNo soy yo, sos vos\u201d (parte 1) \u2013 FOBA \u201cA\u201d (Actuaci\u00f3n) \u2013 A\u00f1o 2025<\/p>\n<p><!-- \/wp:paragraph --><\/p>\n<p><!-- wp:paragraph --><\/p>\n<p style=\"text-align: center;\"><iframe loading=\"lazy\" src=\"https:\/\/drive.google.com\/file\/d\/1MkOUbJng1sQl4WbDJJmGakDNWtrICzzh\/preview\" width=\"640\" height=\"480\" allowfullscreen=\"allowfullscreen\"><\/iframe><\/p>\n<p><!-- \/wp:paragraph --><\/p>\n<p><!-- wp:paragraph {\"align\":\"center\",\"fontSize\":\"medium\"} --><\/p>\n<p class=\"has-text-align-center has-medium-font-size\">\u201cNo soy yo, sos vos\u201d (parte 2) \u2013 FOBA \u201cA\u201d (Actuaci\u00f3n) \u2013 A\u00f1o 2025<\/p>\n<p><!-- \/wp:paragraph --><\/p>\n<p><!-- wp:paragraph --><\/p>\n<p style=\"text-align: center;\"><iframe loading=\"lazy\" src=\"https:\/\/drive.google.com\/file\/d\/1WEMz1jWh6J4VHwpQE5HeJFtWWelcCDcT\/preview\" width=\"640\" height=\"480\" allowfullscreen=\"allowfullscreen\"><\/iframe><\/p>\n<p><!-- \/wp:paragraph --><\/p>","protected":false},"excerpt":{"rendered":"<p>Este es el Espacio para registrar tu Producci\u00f3n: obra, performance, hecho teatral de cursada o de residencia de fin de Carrera. Con esta inscripci\u00f3n contamos con &nbsp;la posibilidad de participar en eventos vinculados a ETM, siempre bajo consulta previa. Nos da gusto continuar en contacto y seguir apostando a QUE EL TEATRO SUCEDA!!!Gracias! BANCO DE &#8230; <a title=\"BANCO DE OBRAS&#x1f3ad;\" class=\"read-more\" href=\"https:\/\/etmoron-bue.infd.edu.ar\/sitio\/banco-de-obras\/\" aria-label=\"More on BANCO DE OBRAS&#x1f3ad;\">[+]<\/a><\/p>\n","protected":false},"author":6,"featured_media":0,"parent":0,"menu_order":0,"comment_status":"closed","ping_status":"closed","template":"","meta":[],"acf":[],"_links":{"self":[{"href":"https:\/\/etmoron-bue.infd.edu.ar\/sitio\/wp-json\/wp\/v2\/pages\/1261"}],"collection":[{"href":"https:\/\/etmoron-bue.infd.edu.ar\/sitio\/wp-json\/wp\/v2\/pages"}],"about":[{"href":"https:\/\/etmoron-bue.infd.edu.ar\/sitio\/wp-json\/wp\/v2\/types\/page"}],"author":[{"embeddable":true,"href":"https:\/\/etmoron-bue.infd.edu.ar\/sitio\/wp-json\/wp\/v2\/users\/6"}],"replies":[{"embeddable":true,"href":"https:\/\/etmoron-bue.infd.edu.ar\/sitio\/wp-json\/wp\/v2\/comments?post=1261"}],"version-history":[{"count":23,"href":"https:\/\/etmoron-bue.infd.edu.ar\/sitio\/wp-json\/wp\/v2\/pages\/1261\/revisions"}],"predecessor-version":[{"id":1896,"href":"https:\/\/etmoron-bue.infd.edu.ar\/sitio\/wp-json\/wp\/v2\/pages\/1261\/revisions\/1896"}],"wp:attachment":[{"href":"https:\/\/etmoron-bue.infd.edu.ar\/sitio\/wp-json\/wp\/v2\/media?parent=1261"}],"curies":[{"name":"wp","href":"https:\/\/api.w.org\/{rel}","templated":true}]}}