{"id":1246,"date":"2025-02-17T20:04:14","date_gmt":"2025-02-17T23:04:14","guid":{"rendered":"https:\/\/etmoron-bue.infd.edu.ar\/sitio\/?page_id=1246"},"modified":"2025-11-01T01:45:34","modified_gmt":"2025-11-01T04:45:34","slug":"iv-jornada-de-intercambio","status":"publish","type":"page","link":"https:\/\/etmoron-bue.infd.edu.ar\/sitio\/iv-jornada-de-intercambio\/","title":{"rendered":"IV JORNADA DE INTERCAMBIO&#x1f3ad;"},"content":{"rendered":"\n<p>DE ESCUELAS DE ARTE TEATRO<\/p>\n\n\n\n<p><em style=\"font-weight: bold;\">ETM- EDUCACI\u00d3N ART\u00cdSTICA SUPERIOR<\/em> &#8211; <strong><em>ESCUELAS SECUNDARIAS ORIENTADAS&nbsp; ESCUELAS ESPECIALIZADAS EN ARTE &#8211; ESCUELAS DE EDUCACI\u00d3N ART\u00cdSTICA<\/em><\/strong>&#8211; <strong><em>ESPACIOS DE EDUCACI\u00d3N NO FORMAL<\/em><\/strong><\/p>\n\n\n\n<p class=\"has-luminous-vivid-amber-to-luminous-vivid-orange-gradient-background has-background\"><strong>Desde 2022, a\u00f1o a a\u00f1o nos reunimos para celebrar una Jornada a puro Teatro!!<\/strong><\/p>\n\n\n\n<p>La Escuela de Teatro de Mor\u00f3n cuenta con 36 a\u00f1os de trayectoria en la Formaci\u00f3n de Profesionales T\u00e9cnicos en Actuaci\u00f3n y Docentes de Teatro que se insertan a\u00f1o a a\u00f1o en el circuito cultural y educativo de este y distritos vecinos.\u00a0 Las Escuelas Secundarias Orientadas y Especializadas en Arte Teatro y las Escuelas de Educaci\u00f3n Art\u00edstica funcionan en pos del desarrollo de la producci\u00f3n art\u00edstico-cultural regional y local para contribuir a reflejar las identidades que las configuran.<\/p>\n\n\n\n<p class=\"has-luminous-vivid-amber-to-luminous-vivid-orange-gradient-background has-background\"><strong><em>&nbsp;LA MET\u00c1FORA COMO DERECHO<\/em><\/strong><\/p>\n\n\n\n<p>La Resoluci\u00f3n 111\/10 del CFE plantea: \u00a8la educaci\u00f3n art\u00edstica tiene un papel relevante como \u00e1mbito espec\u00edfico: posibilitar la apropiaci\u00f3n de saberes y desarrollar capacidades que permitan abordar diferentes interpretaciones de la realidad, para que todos puedan reconocerse en sus diferencias y logren un acceso m\u00e1s justo a los recursos materiales y simb\u00f3licos.\u00a8&nbsp;<\/p>\n\n\n\n<p>Quienes pertenecemos a la Modalidad Art\u00edstica sabemos que desempe\u00f1amos un rol fundamental en la sociedad actual dise\u00f1ando su proyecci\u00f3n, y eso es posible desarrollando Proyectos que busquen articular los distintos niveles y \u00e1mbitos de la Educaci\u00f3n Art\u00edstica, con el fin de sostener, dar continuidad y preservar las trayectorias espec\u00edficas y especializadas en Arte Teatro, en nuestro caso. Esta es una apuesta que pretende garantizar la presencia, permanencia y desarrollo de profesionales de este Lenguaje Art\u00edstico,&nbsp; inmersos e insertos de manera comprometida en las sociedades de turno desde la propia impronta de cada rol.<\/p>\n\n\n\n<p class=\"has-luminous-vivid-amber-to-luminous-vivid-orange-gradient-background has-background\">Por eso cada a\u00f1o nos reunimos, para:<\/p>\n\n\n\n<ul>\n<li>Reconocer nuestras comunidades, receptoras y visitantes: Autoridades, docentes, estudiantes.<\/li>\n\n\n\n<li>Intercambiar experiencias art\u00edstico-teatrales entre niveles educativos,<\/li>\n\n\n\n<li>Difundir de la oferta educativa de nivel Superior de la Escuela de Teatro de Mor\u00f3n a trav\u00e9s de su participaci\u00f3n con muestra de producciones y Talleres y folleter\u00eda con informaci\u00f3n sobre medios de inscripci\u00f3n para el ciclo pr\u00f3ximo lectivo.<\/li>\n\n\n\n<li><strong><em>COMPARTIR UNA JORNADA DE DISFRUTE&nbsp;PLENO DE ARTE ENTRE ESTUDIANTES Y COMUNIDADES&nbsp;PARA CELEBRAR EL TEATRO !!<\/em><\/strong><\/li>\n<\/ul>\n\n\n\n<figure class=\"wp-block-image size-full\"><img decoding=\"async\" loading=\"lazy\" width=\"1600\" height=\"1204\" src=\"https:\/\/etmoron-bue.infd.edu.ar\/sitio\/wp-content\/uploads\/2025\/11\/Imagen-de-WhatsApp-2025-10-22-a-las-20.20.44_615b01ef.jpg\" alt=\"\" class=\"wp-image-1651\" srcset=\"https:\/\/etmoron-bue.infd.edu.ar\/sitio\/wp-content\/uploads\/2025\/11\/Imagen-de-WhatsApp-2025-10-22-a-las-20.20.44_615b01ef.jpg 1600w, https:\/\/etmoron-bue.infd.edu.ar\/sitio\/wp-content\/uploads\/2025\/11\/Imagen-de-WhatsApp-2025-10-22-a-las-20.20.44_615b01ef-1000x753.jpg 1000w, https:\/\/etmoron-bue.infd.edu.ar\/sitio\/wp-content\/uploads\/2025\/11\/Imagen-de-WhatsApp-2025-10-22-a-las-20.20.44_615b01ef-768x578.jpg 768w, https:\/\/etmoron-bue.infd.edu.ar\/sitio\/wp-content\/uploads\/2025\/11\/Imagen-de-WhatsApp-2025-10-22-a-las-20.20.44_615b01ef-1536x1156.jpg 1536w\" sizes=\"(max-width: 1600px) 100vw, 1600px\" \/><\/figure>\n\n\n\n<p>Este a\u00f1o participaron:<\/p>\n\n\n\n<p>la EES51 como Co-anfitriona<\/p>\n\n\n\n<p>la EES27 de Merlo Orientada en Arte Teatro<\/p>\n\n\n\n<p>la EES41 de Mor\u00f3n<\/p>\n\n\n\n<p>la EEA Juanito Laguna de Merlo<\/p>\n\n\n\n<p>la EEA Xul Solar de Mor\u00f3n.<\/p>\n\n\n\n<p class=\"has-luminous-vivid-amber-to-luminous-vivid-orange-gradient-background has-background\">Gracias por construir Red a\u00f1o a a\u00f1o y fortalecer este Proyecto de todxs!!!<\/p>\n\n\n\n<p><em>Equipo ETM&#x1f3ad;<\/em><\/p>\n","protected":false},"excerpt":{"rendered":"<p>DE ESCUELAS DE ARTE TEATRO ETM- EDUCACI\u00d3N ART\u00cdSTICA SUPERIOR &#8211; ESCUELAS SECUNDARIAS ORIENTADAS&nbsp; ESCUELAS ESPECIALIZADAS EN ARTE &#8211; ESCUELAS DE EDUCACI\u00d3N ART\u00cdSTICA&#8211; ESPACIOS DE EDUCACI\u00d3N NO FORMAL Desde 2022, a\u00f1o a a\u00f1o nos reunimos para celebrar una Jornada a puro Teatro!! La Escuela de Teatro de Mor\u00f3n cuenta con 36 a\u00f1os de trayectoria en la &#8230; <a title=\"IV JORNADA DE INTERCAMBIO&#x1f3ad;\" class=\"read-more\" href=\"https:\/\/etmoron-bue.infd.edu.ar\/sitio\/iv-jornada-de-intercambio\/\" aria-label=\"More on IV JORNADA DE INTERCAMBIO&#x1f3ad;\">[+]<\/a><\/p>\n","protected":false},"author":715,"featured_media":0,"parent":0,"menu_order":0,"comment_status":"closed","ping_status":"closed","template":"","meta":[],"acf":[],"_links":{"self":[{"href":"https:\/\/etmoron-bue.infd.edu.ar\/sitio\/wp-json\/wp\/v2\/pages\/1246"}],"collection":[{"href":"https:\/\/etmoron-bue.infd.edu.ar\/sitio\/wp-json\/wp\/v2\/pages"}],"about":[{"href":"https:\/\/etmoron-bue.infd.edu.ar\/sitio\/wp-json\/wp\/v2\/types\/page"}],"author":[{"embeddable":true,"href":"https:\/\/etmoron-bue.infd.edu.ar\/sitio\/wp-json\/wp\/v2\/users\/715"}],"replies":[{"embeddable":true,"href":"https:\/\/etmoron-bue.infd.edu.ar\/sitio\/wp-json\/wp\/v2\/comments?post=1246"}],"version-history":[{"count":3,"href":"https:\/\/etmoron-bue.infd.edu.ar\/sitio\/wp-json\/wp\/v2\/pages\/1246\/revisions"}],"predecessor-version":[{"id":1654,"href":"https:\/\/etmoron-bue.infd.edu.ar\/sitio\/wp-json\/wp\/v2\/pages\/1246\/revisions\/1654"}],"wp:attachment":[{"href":"https:\/\/etmoron-bue.infd.edu.ar\/sitio\/wp-json\/wp\/v2\/media?parent=1246"}],"curies":[{"name":"wp","href":"https:\/\/api.w.org\/{rel}","templated":true}]}}