{"id":1240,"date":"2025-02-17T20:03:22","date_gmt":"2025-02-17T23:03:22","guid":{"rendered":"https:\/\/etmoron-bue.infd.edu.ar\/sitio\/?page_id=1240"},"modified":"2025-08-05T21:21:27","modified_gmt":"2025-08-06T00:21:27","slug":"identidad-etm","status":"publish","type":"page","link":"https:\/\/etmoron-bue.infd.edu.ar\/sitio\/identidad-etm\/","title":{"rendered":"IDENTIDAD ETM"},"content":{"rendered":"\n<p>Nuestra Escuela se encuentra en un proceso de definici\u00f3n y b\u00fasqueda de la propia identidad. Desde hace a\u00f1os nos autonominamos y nos nombran \u00a8la ETM\u00a8 y nuestro logo es una m\u00e1scara similar a las venecianas&#8230; pero en realidad nunca llegamos a proclamarnos nuestra propia Imagen ni nuestro propio nombre elegido colectivamente.<\/p>\n\n\n\n<p>Considerando que hace ya 30 a\u00f1os que la Escuela se mud\u00f3 desde Moreno (donde fue creada) a Mor\u00f3n, es que este a\u00f1o 2025 nos propusimos comenzar la b\u00fasqueda y para eso se generaron algunos Proyectos como:<\/p>\n\n\n\n<p>la ENCUESTA X LA IDENTIDAD ETM y <\/p>\n\n\n\n<p>el MUSEO DE BOLSILLO <\/p>\n\n\n\n<p>como puntos de partida, propuestos por la Profesora de Teor\u00edas del Arte 1, Rosana Carballo. <\/p>\n\n\n\n<p>Esperamos tu propuesta!!!<\/p>\n\n\n\n<p class=\"has-medium-font-size\">Sumate a participar!!!!      LLEN\u00c1LA!    &#x1f447;&#x1f447;&#x1f447;     <\/p>\n\n\n\n<p class=\"has-base-3-color has-luminous-vivid-orange-to-vivid-red-gradient-background has-text-color has-background has-large-font-size\"><a href=\"https:\/\/docs.google.com\/forms\/d\/19hwUR-Cwc4B296pKsZXXvfq8-e8qe9YWMfsut5vT0NE\/edit\" target=\"_blank\" rel=\"noreferrer noopener\">ENCUESTA X LA IDENTIDAD ETM<\/a><\/p>\n\n\n\n<figure class=\"wp-block-image size-full\"><img decoding=\"async\" loading=\"lazy\" width=\"1599\" height=\"899\" src=\"https:\/\/etmoron-bue.infd.edu.ar\/sitio\/wp-content\/uploads\/2025\/05\/museo-x-la-identidad-1.jpg\" alt=\"\" class=\"wp-image-1505\" srcset=\"https:\/\/etmoron-bue.infd.edu.ar\/sitio\/wp-content\/uploads\/2025\/05\/museo-x-la-identidad-1.jpg 1599w, https:\/\/etmoron-bue.infd.edu.ar\/sitio\/wp-content\/uploads\/2025\/05\/museo-x-la-identidad-1-1000x562.jpg 1000w, https:\/\/etmoron-bue.infd.edu.ar\/sitio\/wp-content\/uploads\/2025\/05\/museo-x-la-identidad-1-768x432.jpg 768w, https:\/\/etmoron-bue.infd.edu.ar\/sitio\/wp-content\/uploads\/2025\/05\/museo-x-la-identidad-1-1536x864.jpg 1536w\" sizes=\"(max-width: 1599px) 100vw, 1599px\" \/><\/figure>\n\n\n\n<figure class=\"wp-block-image size-large\"><img decoding=\"async\" loading=\"lazy\" width=\"1900\" height=\"1069\" src=\"https:\/\/etmoron-bue.infd.edu.ar\/sitio\/wp-content\/uploads\/2025\/05\/museo-x-la-identidad-2-1900x1069.jpg\" alt=\"\" class=\"wp-image-1506\" srcset=\"https:\/\/etmoron-bue.infd.edu.ar\/sitio\/wp-content\/uploads\/2025\/05\/museo-x-la-identidad-2-1900x1069.jpg 1900w, https:\/\/etmoron-bue.infd.edu.ar\/sitio\/wp-content\/uploads\/2025\/05\/museo-x-la-identidad-2-1000x563.jpg 1000w, https:\/\/etmoron-bue.infd.edu.ar\/sitio\/wp-content\/uploads\/2025\/05\/museo-x-la-identidad-2-768x432.jpg 768w, https:\/\/etmoron-bue.infd.edu.ar\/sitio\/wp-content\/uploads\/2025\/05\/museo-x-la-identidad-2-1536x864.jpg 1536w, https:\/\/etmoron-bue.infd.edu.ar\/sitio\/wp-content\/uploads\/2025\/05\/museo-x-la-identidad-2.jpg 1920w\" sizes=\"(max-width: 1900px) 100vw, 1900px\" \/><\/figure>\n\n\n\n<figure class=\"wp-block-image size-full\"><img decoding=\"async\" loading=\"lazy\" width=\"1599\" height=\"899\" src=\"https:\/\/etmoron-bue.infd.edu.ar\/sitio\/wp-content\/uploads\/2025\/05\/museo-x-la-identidad-3-1.jpg\" alt=\"\" class=\"wp-image-1508\" srcset=\"https:\/\/etmoron-bue.infd.edu.ar\/sitio\/wp-content\/uploads\/2025\/05\/museo-x-la-identidad-3-1.jpg 1599w, https:\/\/etmoron-bue.infd.edu.ar\/sitio\/wp-content\/uploads\/2025\/05\/museo-x-la-identidad-3-1-1000x562.jpg 1000w, https:\/\/etmoron-bue.infd.edu.ar\/sitio\/wp-content\/uploads\/2025\/05\/museo-x-la-identidad-3-1-768x432.jpg 768w, https:\/\/etmoron-bue.infd.edu.ar\/sitio\/wp-content\/uploads\/2025\/05\/museo-x-la-identidad-3-1-1536x864.jpg 1536w\" sizes=\"(max-width: 1599px) 100vw, 1599px\" \/><\/figure>\n\n\n\n<figure class=\"wp-block-image size-full\"><img decoding=\"async\" loading=\"lazy\" width=\"1599\" height=\"899\" src=\"https:\/\/etmoron-bue.infd.edu.ar\/sitio\/wp-content\/uploads\/2025\/05\/museo-x-la-identidad-4.jpg\" alt=\"\" class=\"wp-image-1509\" srcset=\"https:\/\/etmoron-bue.infd.edu.ar\/sitio\/wp-content\/uploads\/2025\/05\/museo-x-la-identidad-4.jpg 1599w, https:\/\/etmoron-bue.infd.edu.ar\/sitio\/wp-content\/uploads\/2025\/05\/museo-x-la-identidad-4-1000x562.jpg 1000w, https:\/\/etmoron-bue.infd.edu.ar\/sitio\/wp-content\/uploads\/2025\/05\/museo-x-la-identidad-4-768x432.jpg 768w, https:\/\/etmoron-bue.infd.edu.ar\/sitio\/wp-content\/uploads\/2025\/05\/museo-x-la-identidad-4-1536x864.jpg 1536w\" sizes=\"(max-width: 1599px) 100vw, 1599px\" \/><\/figure>\n\n\n\n<figure class=\"wp-block-image size-large\"><img decoding=\"async\" loading=\"lazy\" width=\"1900\" height=\"1069\" src=\"https:\/\/etmoron-bue.infd.edu.ar\/sitio\/wp-content\/uploads\/2025\/05\/museo-x-la-identidad-5-1900x1069.jpg\" alt=\"\" class=\"wp-image-1510\" srcset=\"https:\/\/etmoron-bue.infd.edu.ar\/sitio\/wp-content\/uploads\/2025\/05\/museo-x-la-identidad-5-1900x1069.jpg 1900w, https:\/\/etmoron-bue.infd.edu.ar\/sitio\/wp-content\/uploads\/2025\/05\/museo-x-la-identidad-5-1000x563.jpg 1000w, https:\/\/etmoron-bue.infd.edu.ar\/sitio\/wp-content\/uploads\/2025\/05\/museo-x-la-identidad-5-768x432.jpg 768w, https:\/\/etmoron-bue.infd.edu.ar\/sitio\/wp-content\/uploads\/2025\/05\/museo-x-la-identidad-5-1536x864.jpg 1536w, https:\/\/etmoron-bue.infd.edu.ar\/sitio\/wp-content\/uploads\/2025\/05\/museo-x-la-identidad-5.jpg 1920w\" sizes=\"(max-width: 1900px) 100vw, 1900px\" \/><\/figure>\n\n\n\n<figure class=\"wp-block-image size-full\"><img decoding=\"async\" loading=\"lazy\" width=\"1599\" height=\"899\" src=\"https:\/\/etmoron-bue.infd.edu.ar\/sitio\/wp-content\/uploads\/2025\/05\/museo-x-la-identidad-6.jpg\" alt=\"\" class=\"wp-image-1511\" srcset=\"https:\/\/etmoron-bue.infd.edu.ar\/sitio\/wp-content\/uploads\/2025\/05\/museo-x-la-identidad-6.jpg 1599w, https:\/\/etmoron-bue.infd.edu.ar\/sitio\/wp-content\/uploads\/2025\/05\/museo-x-la-identidad-6-1000x562.jpg 1000w, https:\/\/etmoron-bue.infd.edu.ar\/sitio\/wp-content\/uploads\/2025\/05\/museo-x-la-identidad-6-768x432.jpg 768w, https:\/\/etmoron-bue.infd.edu.ar\/sitio\/wp-content\/uploads\/2025\/05\/museo-x-la-identidad-6-1536x864.jpg 1536w\" sizes=\"(max-width: 1599px) 100vw, 1599px\" \/><\/figure>\n","protected":false},"excerpt":{"rendered":"<p>Nuestra Escuela se encuentra en un proceso de definici\u00f3n y b\u00fasqueda de la propia identidad. Desde hace a\u00f1os nos autonominamos y nos nombran \u00a8la ETM\u00a8 y nuestro logo es una m\u00e1scara similar a las venecianas&#8230; pero en realidad nunca llegamos a proclamarnos nuestra propia Imagen ni nuestro propio nombre elegido colectivamente. Considerando que hace ya &#8230; <a title=\"IDENTIDAD ETM\" class=\"read-more\" href=\"https:\/\/etmoron-bue.infd.edu.ar\/sitio\/identidad-etm\/\" aria-label=\"More on IDENTIDAD ETM\">[+]<\/a><\/p>\n","protected":false},"author":6,"featured_media":0,"parent":0,"menu_order":0,"comment_status":"closed","ping_status":"closed","template":"","meta":[],"acf":[],"_links":{"self":[{"href":"https:\/\/etmoron-bue.infd.edu.ar\/sitio\/wp-json\/wp\/v2\/pages\/1240"}],"collection":[{"href":"https:\/\/etmoron-bue.infd.edu.ar\/sitio\/wp-json\/wp\/v2\/pages"}],"about":[{"href":"https:\/\/etmoron-bue.infd.edu.ar\/sitio\/wp-json\/wp\/v2\/types\/page"}],"author":[{"embeddable":true,"href":"https:\/\/etmoron-bue.infd.edu.ar\/sitio\/wp-json\/wp\/v2\/users\/6"}],"replies":[{"embeddable":true,"href":"https:\/\/etmoron-bue.infd.edu.ar\/sitio\/wp-json\/wp\/v2\/comments?post=1240"}],"version-history":[{"count":5,"href":"https:\/\/etmoron-bue.infd.edu.ar\/sitio\/wp-json\/wp\/v2\/pages\/1240\/revisions"}],"predecessor-version":[{"id":1520,"href":"https:\/\/etmoron-bue.infd.edu.ar\/sitio\/wp-json\/wp\/v2\/pages\/1240\/revisions\/1520"}],"wp:attachment":[{"href":"https:\/\/etmoron-bue.infd.edu.ar\/sitio\/wp-json\/wp\/v2\/media?parent=1240"}],"curies":[{"name":"wp","href":"https:\/\/api.w.org\/{rel}","templated":true}]}}