{"id":1234,"date":"2025-02-17T20:02:39","date_gmt":"2025-02-17T23:02:39","guid":{"rendered":"https:\/\/etmoron-bue.infd.edu.ar\/sitio\/?page_id=1234"},"modified":"2026-04-18T10:31:49","modified_gmt":"2026-04-18T13:31:49","slug":"laboratorio","status":"publish","type":"page","link":"https:\/\/etmoron-bue.infd.edu.ar\/sitio\/laboratorio\/","title":{"rendered":"LABORATORIO DE TEATRO"},"content":{"rendered":"\n<p>Es un espacio de investigaci\u00f3n que se lleva a cabo cada semana en la Escuela de Teatro de Mor\u00f3n, desarrollando Proyectos bianuales  en una tarea de b\u00fasqueda del conocimiento en este \u00e1mbito. En el mismo participan alumnos de diversos a\u00f1os y carreras de la escuela e integrantes externxs de la comunidad educativa, tambi\u00e9n egresadxs.<br>Desarrolla la b\u00fasqueda de metodolog\u00edas teatrales tomando distintas vertientes del teatro contempor\u00e1neo, tanto en la puesta en escena como en el trabajo del actor, como un modo de hallar respuestas para la producci\u00f3n teatral moderna.<\/p>\n\n\n\n<p>Actualmente se encuentra a cargo de la Profesora Natalia Arteman y funciona los d\u00edas mi\u00e9rcoles de 18 a 21hs en Planta Alta.<\/p>\n\n\n\n<p>Expectativas:&nbsp;<\/p>\n\n\n\n<ul>\n<li>Fomentar la actividad y la producci\u00f3n teatral en la Escuela de Teatro de Mor\u00f3n, con apertura a la comunidad educativa.<\/li>\n\n\n\n<li>Conocer y profundizar conocimientos espec\u00edficos en las obras desde distintas po\u00e9ticas teatrales.<\/li>\n\n\n\n<li>Crear y componer obras de teatro.<\/li>\n<\/ul>\n\n\n\n<figure class=\"wp-block-image size-full\"><img decoding=\"async\" loading=\"lazy\" width=\"1147\" height=\"1376\" src=\"https:\/\/etmoron-bue.infd.edu.ar\/sitio\/wp-content\/uploads\/2026\/04\/Screenshot_2026-04-18-10-24-38-177_com.instagram.android-1.png\" alt=\"\" class=\"wp-image-1982\" srcset=\"https:\/\/etmoron-bue.infd.edu.ar\/sitio\/wp-content\/uploads\/2026\/04\/Screenshot_2026-04-18-10-24-38-177_com.instagram.android-1.png 1147w, https:\/\/etmoron-bue.infd.edu.ar\/sitio\/wp-content\/uploads\/2026\/04\/Screenshot_2026-04-18-10-24-38-177_com.instagram.android-1-834x1000.png 834w, https:\/\/etmoron-bue.infd.edu.ar\/sitio\/wp-content\/uploads\/2026\/04\/Screenshot_2026-04-18-10-24-38-177_com.instagram.android-1-768x921.png 768w\" sizes=\"(max-width: 1147px) 100vw, 1147px\" \/><\/figure>\n\n\n\n<p class=\"has-text-align-center\">Preestreno sobre el ritual HAIN del pueblo Selk\u00b4Nam. Escuela de Teatro de Mor\u00f3n . Octubre 2025.<\/p>\n\n\n\n<p><\/p>\n\n\n\n<p>SEGU\u00cd LAS REDES:   <a href=\"https:\/\/www.instagram.com\/laboratorio.teatro.etm?igsh=MWpqcjBjMnBldWluNQ==\">IG: laboratorio.teatro.etm<\/a><\/p>\n","protected":false},"excerpt":{"rendered":"<p>Es un espacio de investigaci\u00f3n que se lleva a cabo cada semana en la Escuela de Teatro de Mor\u00f3n, desarrollando Proyectos bianuales en una tarea de b\u00fasqueda del conocimiento en este \u00e1mbito. En el mismo participan alumnos de diversos a\u00f1os y carreras de la escuela e integrantes externxs de la comunidad educativa, tambi\u00e9n egresadxs.Desarrolla la &#8230; <a title=\"LABORATORIO DE TEATRO\" class=\"read-more\" href=\"https:\/\/etmoron-bue.infd.edu.ar\/sitio\/laboratorio\/\" aria-label=\"More on LABORATORIO DE TEATRO\">[+]<\/a><\/p>\n","protected":false},"author":715,"featured_media":0,"parent":0,"menu_order":0,"comment_status":"closed","ping_status":"closed","template":"","meta":[],"acf":[],"_links":{"self":[{"href":"https:\/\/etmoron-bue.infd.edu.ar\/sitio\/wp-json\/wp\/v2\/pages\/1234"}],"collection":[{"href":"https:\/\/etmoron-bue.infd.edu.ar\/sitio\/wp-json\/wp\/v2\/pages"}],"about":[{"href":"https:\/\/etmoron-bue.infd.edu.ar\/sitio\/wp-json\/wp\/v2\/types\/page"}],"author":[{"embeddable":true,"href":"https:\/\/etmoron-bue.infd.edu.ar\/sitio\/wp-json\/wp\/v2\/users\/715"}],"replies":[{"embeddable":true,"href":"https:\/\/etmoron-bue.infd.edu.ar\/sitio\/wp-json\/wp\/v2\/comments?post=1234"}],"version-history":[{"count":5,"href":"https:\/\/etmoron-bue.infd.edu.ar\/sitio\/wp-json\/wp\/v2\/pages\/1234\/revisions"}],"predecessor-version":[{"id":1985,"href":"https:\/\/etmoron-bue.infd.edu.ar\/sitio\/wp-json\/wp\/v2\/pages\/1234\/revisions\/1985"}],"wp:attachment":[{"href":"https:\/\/etmoron-bue.infd.edu.ar\/sitio\/wp-json\/wp\/v2\/media?parent=1234"}],"curies":[{"name":"wp","href":"https:\/\/api.w.org\/{rel}","templated":true}]}}