{"id":1228,"date":"2025-02-17T20:02:00","date_gmt":"2025-02-17T23:02:00","guid":{"rendered":"https:\/\/etmoron-bue.infd.edu.ar\/sitio\/?page_id=1228"},"modified":"2026-04-18T11:37:17","modified_gmt":"2026-04-18T14:37:17","slug":"reservas-panol","status":"publish","type":"page","link":"https:\/\/etmoron-bue.infd.edu.ar\/sitio\/reservas-panol\/","title":{"rendered":"EMATP"},"content":{"rendered":"\n<p>ESPACIO DE MEDIOS DE APOYO T\u00c9CNICO PEDAG\u00d3GICOS \/ PA\u00d1OL<\/p>\n\n\n\n<p>Esta es un \u00e1rea fundamental atendida por el EMATP (Encargado de Medios de Apoyo T\u00e9cnico Pedag\u00f3gicos), actualmente el Prof. de Teatro Nahuel Delgado, que est\u00e1 destinada a gestionar los recursos t\u00e9cnico\/pedag\u00f3gicos en coordinaci\u00f3n con docentes y estudiantes  y brindar asesoramiento para llevar a cabo las propuestas pedag\u00f3gico did\u00e1cticas de manera cabal en los espacios y tiempos concretos del quehacer del lenguaje teatral seg\u00fan sus necesidades espec\u00edficas.<\/p>\n\n\n\n<p class=\"has-text-align-center has-luminous-vivid-amber-to-luminous-vivid-orange-gradient-background has-background has-medium-font-size\"><strong><a href=\"https:\/\/drive.google.com\/file\/d\/1y8sFc7Fn9Uy_HYoM32tH0rkjFUsJV5Eb\/view?usp=drive_link\" target=\"_blank\" rel=\"noreferrer noopener\">LINK AL PROYECTO DEL ESPACIO DE MEDIOS DE APOYO T\u00c9CNICO PEDAG\u00d3GICOS  ETM<\/a> <\/strong><\/p>\n","protected":false},"excerpt":{"rendered":"<p>ESPACIO DE MEDIOS DE APOYO T\u00c9CNICO PEDAG\u00d3GICOS \/ PA\u00d1OL Esta es un \u00e1rea fundamental atendida por el EMATP (Encargado de Medios de Apoyo T\u00e9cnico Pedag\u00f3gicos), actualmente el Prof. de Teatro Nahuel Delgado, que est\u00e1 destinada a gestionar los recursos t\u00e9cnico\/pedag\u00f3gicos en coordinaci\u00f3n con docentes y estudiantes y brindar asesoramiento para llevar a cabo las propuestas &#8230; <a title=\"EMATP\" class=\"read-more\" href=\"https:\/\/etmoron-bue.infd.edu.ar\/sitio\/reservas-panol\/\" aria-label=\"More on EMATP\">[+]<\/a><\/p>\n","protected":false},"author":6,"featured_media":0,"parent":0,"menu_order":0,"comment_status":"closed","ping_status":"closed","template":"","meta":[],"acf":[],"_links":{"self":[{"href":"https:\/\/etmoron-bue.infd.edu.ar\/sitio\/wp-json\/wp\/v2\/pages\/1228"}],"collection":[{"href":"https:\/\/etmoron-bue.infd.edu.ar\/sitio\/wp-json\/wp\/v2\/pages"}],"about":[{"href":"https:\/\/etmoron-bue.infd.edu.ar\/sitio\/wp-json\/wp\/v2\/types\/page"}],"author":[{"embeddable":true,"href":"https:\/\/etmoron-bue.infd.edu.ar\/sitio\/wp-json\/wp\/v2\/users\/6"}],"replies":[{"embeddable":true,"href":"https:\/\/etmoron-bue.infd.edu.ar\/sitio\/wp-json\/wp\/v2\/comments?post=1228"}],"version-history":[{"count":9,"href":"https:\/\/etmoron-bue.infd.edu.ar\/sitio\/wp-json\/wp\/v2\/pages\/1228\/revisions"}],"predecessor-version":[{"id":1995,"href":"https:\/\/etmoron-bue.infd.edu.ar\/sitio\/wp-json\/wp\/v2\/pages\/1228\/revisions\/1995"}],"wp:attachment":[{"href":"https:\/\/etmoron-bue.infd.edu.ar\/sitio\/wp-json\/wp\/v2\/media?parent=1228"}],"curies":[{"name":"wp","href":"https:\/\/api.w.org\/{rel}","templated":true}]}}