{"id":1225,"date":"2025-02-17T19:58:59","date_gmt":"2025-02-17T22:58:59","guid":{"rendered":"https:\/\/etmoron-bue.infd.edu.ar\/sitio\/?page_id=1225"},"modified":"2026-04-18T11:08:58","modified_gmt":"2026-04-18T14:08:58","slug":"plan-de-evaluacion-institucional","status":"publish","type":"page","link":"https:\/\/etmoron-bue.infd.edu.ar\/sitio\/plan-de-evaluacion-institucional\/","title":{"rendered":"R\u00c9GIMEN ACAD\u00c9MICO INSTITUCIONAL"},"content":{"rendered":"\n<p class=\"has-luminous-vivid-amber-to-luminous-vivid-orange-gradient-background has-background has-large-font-size\">Enlace al<strong>  <a href=\"https:\/\/drive.google.com\/file\/d\/1aok5kROSLHnVU5Z3EuBGenpFJWmSVWUX\/view?usp=drivesdk\">RAI 2026 ETM<\/a><\/strong><\/p>\n\n\n\n<p>El R\u00e9gimen Acad\u00e9mico Institucional (RAI) es el conjunto de normas y disposiciones que regulan la vida acad\u00e9mica de una instituci\u00f3n educativa, integrando aspectos pedag\u00f3gicos y administrativos para organizar el trayecto de los estudiantes. Fue creado de manera colectiva con la participaci\u00f3n de  estudiantes, docentes, equipos de conducci\u00f3n y administrativos, a partir de consultas en varias etapas, desde junio de 2024 y finalizando el proceso de confecci\u00f3n final en marzo de 2026.<\/p>\n\n\n\n<p>A continuaci\u00f3n sus fundamentos principales:<\/p>\n\n\n\n<h2 class=\"wp-block-heading\">El Contrato Pedag\u00f3gico<\/h2>\n\n\n\n<p>Servir como <strong>marco normativo que garantiza el derecho a la educaci\u00f3n<\/strong>. Se basa en:<\/p>\n\n\n\n<ul>\n<li><strong>Legalidad y Equidad:<\/strong> Traduce las leyes de educaci\u00f3n nacionales y provinciales al contexto de cada escuela o instituto, asegurando que todos los estudiantes tengan los mismos derechos y deberes.<\/li>\n\n\n\n<li><strong>Sustento Pol\u00edtico-Pedag\u00f3gico:<\/strong> brinda una estructura objetiva respecto de c\u00f3mo se ingresa, c\u00f3mo se cursa y c\u00f3mo se egresa.<\/li>\n\n\n\n<li><strong>Acompa\u00f1amiento de Trayectorias:<\/strong> Reconoce que no todos los alumnos aprenden igual , por lo que busca garantizar el acompa\u00f1amiento acad\u00e9mico.<\/li>\n<\/ul>\n\n\n\n<h2 class=\"wp-block-heading\">Objetivos Principales<\/h2>\n\n\n\n<p>El RAI busca transformar desde la educaci\u00f3n las realidades concretas a trav\u00e9s de los siguientes objetivos:<\/p>\n\n\n\n<ul>\n<li><strong>Regular la vida acad\u00e9mica:<\/strong> Establecer con claridad las reglas sobre asistencia, calificaciones, ex\u00e1menes, equivalencias y correlatividades.<\/li>\n\n\n\n<li><strong>Garantizar la transparencia:<\/strong> Que tanto docentes como alumnos conozcan de previamente sus derechos y obligaciones, evitando la arbitrariedades. <\/li>\n\n\n\n<li><strong>Promover la permanencia y el egreso:<\/strong> Crear condiciones (como tutor\u00edas o reg\u00edmenes de cursada parcial) que ayuden al estudiante a no dejar sus estudios ante distintas dificultades <\/li>\n\n\n\n<li><strong>Organizar la convivencia:<\/strong> Fomentar una cultura democr\u00e1tica donde los conflictos acad\u00e9micos se resuelvan mediante procedimientos institucionales establecidos. <\/li>\n<\/ul>\n\n\n\n<p>En resumen, el RAI es la herramienta que <strong>organiza el trayecto del estudiante<\/strong> desde que se inscribe hasta que se recibe, buscando que sea justo, previsible y se logren los resultados esperados. <\/p>\n\n\n\n<p><\/p>\n","protected":false},"excerpt":{"rendered":"<p>Enlace al RAI 2026 ETM El R\u00e9gimen Acad\u00e9mico Institucional (RAI) es el conjunto de normas y disposiciones que regulan la vida acad\u00e9mica de una instituci\u00f3n educativa, integrando aspectos pedag\u00f3gicos y administrativos para organizar el trayecto de los estudiantes. Fue creado de manera colectiva con la participaci\u00f3n de estudiantes, docentes, equipos de conducci\u00f3n y administrativos, a &#8230; <a title=\"R\u00c9GIMEN ACAD\u00c9MICO INSTITUCIONAL\" class=\"read-more\" href=\"https:\/\/etmoron-bue.infd.edu.ar\/sitio\/plan-de-evaluacion-institucional\/\" aria-label=\"More on R\u00c9GIMEN ACAD\u00c9MICO INSTITUCIONAL\">[+]<\/a><\/p>\n","protected":false},"author":6,"featured_media":0,"parent":0,"menu_order":0,"comment_status":"closed","ping_status":"closed","template":"","meta":[],"acf":[],"_links":{"self":[{"href":"https:\/\/etmoron-bue.infd.edu.ar\/sitio\/wp-json\/wp\/v2\/pages\/1225"}],"collection":[{"href":"https:\/\/etmoron-bue.infd.edu.ar\/sitio\/wp-json\/wp\/v2\/pages"}],"about":[{"href":"https:\/\/etmoron-bue.infd.edu.ar\/sitio\/wp-json\/wp\/v2\/types\/page"}],"author":[{"embeddable":true,"href":"https:\/\/etmoron-bue.infd.edu.ar\/sitio\/wp-json\/wp\/v2\/users\/6"}],"replies":[{"embeddable":true,"href":"https:\/\/etmoron-bue.infd.edu.ar\/sitio\/wp-json\/wp\/v2\/comments?post=1225"}],"version-history":[{"count":9,"href":"https:\/\/etmoron-bue.infd.edu.ar\/sitio\/wp-json\/wp\/v2\/pages\/1225\/revisions"}],"predecessor-version":[{"id":1991,"href":"https:\/\/etmoron-bue.infd.edu.ar\/sitio\/wp-json\/wp\/v2\/pages\/1225\/revisions\/1991"}],"wp:attachment":[{"href":"https:\/\/etmoron-bue.infd.edu.ar\/sitio\/wp-json\/wp\/v2\/media?parent=1225"}],"curies":[{"name":"wp","href":"https:\/\/api.w.org\/{rel}","templated":true}]}}