{"id":1221,"date":"2025-02-17T19:57:05","date_gmt":"2025-02-17T22:57:05","guid":{"rendered":"https:\/\/etmoron-bue.infd.edu.ar\/sitio\/?page_id=1221"},"modified":"2025-05-16T20:56:25","modified_gmt":"2025-05-16T23:56:25","slug":"marco-reglamentario","status":"publish","type":"page","link":"https:\/\/etmoron-bue.infd.edu.ar\/sitio\/marco-reglamentario\/","title":{"rendered":"MARCO REGLAMENTARIO"},"content":{"rendered":"\n<div class=\"wp-block-cover\"><span aria-hidden=\"true\" class=\"wp-block-cover__background has-background-dim\"><\/span><img decoding=\"async\" loading=\"lazy\" width=\"612\" height=\"408\" class=\"wp-block-cover__image-background wp-image-1222\" alt=\"\" src=\"https:\/\/etmoron-bue.infd.edu.ar\/sitio\/wp-content\/uploads\/2025\/02\/istockphoto-1321535685-612x612-1.jpg\" data-object-fit=\"cover\"\/><div class=\"wp-block-cover__inner-container\">\n<p><\/p>\n\n\n\n<p class=\"has-medium-font-size\"><strong>A -GENERAL<\/strong><\/p>\n\n\n\n<p class=\"has-medium-font-size\">Al ser una Instituci\u00f3n dependiente de la Direcci\u00f3n General de Cultura y Educaci\u00f3n y la Direcci\u00f3n de Educaci\u00f3n Art\u00edstica de la Provincia de Buenos Aires, la actividad de la Escuela de Teatro Mor\u00f3n se encuentra regulada por distintos Marcos normativos entre los cuales se encuentran:<\/p>\n\n\n\n<p><a href=\"https:\/\/drive.google.com\/file\/d\/1q12W3Jzb6_q1vzRLPJXiN7g8cVZvckAc\/view?usp=sharing\" target=\"_blank\" rel=\"noreferrer noopener\">R\u00e9gimen Acad\u00e9mico Marco de Educaci\u00f3n Superior para Formaci\u00f3n Docente y T\u00e9cnica &#8211; Anexo 1 Resoluci\u00f3n 4196\/24<\/a><\/p>\n\n\n\n<p><a href=\"https:\/\/drive.google.com\/file\/d\/1sMKZFOKerfRERCfBTmdVGLf0BgY_D72E\/view?usp=sharing\" target=\"_blank\" rel=\"noreferrer noopener\">R\u00e9gimen Acad\u00e9mico Marco de Educaci\u00f3n Superior para Formaci\u00f3n Docente y T\u00e9cnica &#8211; Anexo 2 Resoluci\u00f3n 4196\/24<\/a><\/p>\n\n\n\n<p><a rel=\"noreferrer noopener\" href=\"https:\/\/drive.google.com\/file\/d\/1NP4noIt32-F5tIFHqMmvlNvFDxZUNLiE\/view?usp=sharing\" target=\"_blank\">R\u00e9gimen Acad\u00e9mico Marco de Educaci\u00f3n Superior para Formaci\u00f3n Docente y T\u00e9cnica &#8211; Anexo 3 Resoluci\u00f3n 4196\/24<\/a><\/p>\n\n\n\n<p>****  <a rel=\"noreferrer noopener\" href=\"https:\/\/drive.google.com\/file\/d\/1U3vMSo89lUrYxeAXYN3CZdkngfLLCawO\/view?usp=sharing\" target=\"_blank\">Documento de Apoyo RAM DEAR &#8211; Mayo 2025<\/a>   *** NUEVO ***   MAYO 2025  &#8211;<\/p>\n\n\n\n<p><a href=\"https:\/\/drive.google.com\/file\/d\/1QxStWIfp0E1Dtm9gKTmni_FKM_GXWMf6\/view?usp=drive_link\" target=\"_blank\" rel=\"noreferrer noopener\">Ley Nacional de Educaci\u00f3n Superior<\/a><\/p>\n\n\n\n<p><a href=\"https:\/\/drive.google.com\/file\/d\/16PJBpniDqgJmDJv-j0skJ9su7a1Dd7Nx\/view?usp=drive_link\" target=\"_blank\" rel=\"noreferrer noopener\">Ley Provincial de Educaci\u00f3n<\/a><\/p>\n\n\n\n<p><a rel=\"noreferrer noopener\" href=\"https:\/\/drive.google.com\/file\/d\/1dfSBw9C5UxUDQweWUz7ozUTkugbfy4S7\/view?usp=drive_link\" target=\"_blank\">Ley Nacional de Educaci\u00f3n<\/a><\/p>\n\n\n\n<p><a href=\"https:\/\/drive.google.com\/file\/d\/1Slvdya3HL4a64lXPzQS4zv16q2ia1_t4\/view?usp=drive_link\" target=\"_blank\" rel=\"noreferrer noopener\">Decreto 2299\/11 Reglamento General de Instituciones Educativas<\/a><\/p>\n\n\n\n<p><a href=\"https:\/\/drive.google.com\/drive\/folders\/1nlWg1Hrhr9oIZAf2UaxZFcLWgUvIjgMU?usp=drive_link\" target=\"_blank\" rel=\"noreferrer noopener\">Resoluci\u00f3n 3871\/24 Salidas Educativas<\/a><\/p>\n\n\n\n<p><a href=\"https:\/\/drive.google.com\/file\/d\/1sTeMtLKohmklNhNiTVVfFw3dHtDMhN0A\/view?usp=drive_link\" target=\"_blank\" rel=\"noreferrer noopener\">Ley 26150 Educaci\u00f3n Sexual Integral<\/a><\/p>\n\n\n\n<p><a href=\"https:\/\/drive.google.com\/file\/d\/1uICr6PBEWM20KkFb_fwAIkAnN6l1e5l4\/view?usp=drive_link\" target=\"_blank\" rel=\"noreferrer noopener\">Resoluci\u00f3n CFE 311\/16 Inclusi\u00f3n Escolar<\/a><\/p>\n\n\n\n<p><a href=\"https:\/\/drive.google.com\/file\/d\/16FDQzmVnFM1y2RnQvP6DGrC2kjKHyp7s\/view?usp=drive_link\" target=\"_blank\" rel=\"noreferrer noopener\">Resoluci\u00f3n 4044\/09 Consejo Acad\u00e9mico Institucional<\/a><\/p>\n\n\n\n<p><a href=\"https:\/\/drive.google.com\/file\/d\/1JQHAXE9H2cTQHjFLkRnU_PJfQQTKwtjP\/view?usp=drive_link\" target=\"_blank\" rel=\"noreferrer noopener\">LEY 26877 Centro de Estudiantes<\/a><\/p>\n\n\n\n<p><a href=\"https:\/\/drive.google.com\/file\/d\/19aOSuKNWGy4w3dIHwFVnMEG1GyRPNrh3\/view?usp=drive_link\" target=\"_blank\" rel=\"noreferrer noopener\">Decreto 4767\/72 Manual de Cooperadoras Escolares<\/a><\/p>\n\n\n\n<p class=\"has-medium-font-size\"><strong>B &#8211; INSTITUCIONAL<\/strong><\/p>\n\n\n\n<p class=\"has-medium-font-size\">A su vez cada Instituci\u00f3n cuenta con sus propios reglamentos otorgados seg\u00fan los lineamientos de la reglamentaci\u00f3n provincial y nacional, creados bajo el consenso de la comunidad educativa en los periodos que se informan.<br>Son de total vigencia y deben ser respetados para un ejercicio justo y democr\u00e1tico dentro del \u00e1mbito acad\u00e9mico.<\/p>\n\n\n\n<p><a href=\"https:\/\/docs.google.com\/document\/d\/116A3S_pBSXyJ0CWBNmWKMBdOwBTW7BET\/edit?usp=sharing&amp;ouid=107470619809112197673&amp;rtpof=true&amp;sd=true\" target=\"_blank\" rel=\"noreferrer noopener\">Acuerdo Institucional de Convivencia<\/a><\/p>\n\n\n\n<p>R\u00e9gimen Acad\u00e9mico Institucional<\/p>\n\n\n\n<p>Plan de Evaluaci\u00f3n Institucional<\/p>\n\n\n\n<p><\/p>\n<\/div><\/div>\n","protected":false},"excerpt":{"rendered":"","protected":false},"author":6,"featured_media":0,"parent":0,"menu_order":0,"comment_status":"closed","ping_status":"closed","template":"","meta":[],"acf":[],"_links":{"self":[{"href":"https:\/\/etmoron-bue.infd.edu.ar\/sitio\/wp-json\/wp\/v2\/pages\/1221"}],"collection":[{"href":"https:\/\/etmoron-bue.infd.edu.ar\/sitio\/wp-json\/wp\/v2\/pages"}],"about":[{"href":"https:\/\/etmoron-bue.infd.edu.ar\/sitio\/wp-json\/wp\/v2\/types\/page"}],"author":[{"embeddable":true,"href":"https:\/\/etmoron-bue.infd.edu.ar\/sitio\/wp-json\/wp\/v2\/users\/6"}],"replies":[{"embeddable":true,"href":"https:\/\/etmoron-bue.infd.edu.ar\/sitio\/wp-json\/wp\/v2\/comments?post=1221"}],"version-history":[{"count":5,"href":"https:\/\/etmoron-bue.infd.edu.ar\/sitio\/wp-json\/wp\/v2\/pages\/1221\/revisions"}],"predecessor-version":[{"id":1480,"href":"https:\/\/etmoron-bue.infd.edu.ar\/sitio\/wp-json\/wp\/v2\/pages\/1221\/revisions\/1480"}],"wp:attachment":[{"href":"https:\/\/etmoron-bue.infd.edu.ar\/sitio\/wp-json\/wp\/v2\/media?parent=1221"}],"curies":[{"name":"wp","href":"https:\/\/api.w.org\/{rel}","templated":true}]}}