{"id":1209,"date":"2025-02-17T19:17:43","date_gmt":"2025-02-17T22:17:43","guid":{"rendered":"https:\/\/etmoron-bue.infd.edu.ar\/sitio\/?page_id=1209"},"modified":"2025-11-01T10:37:32","modified_gmt":"2025-11-01T13:37:32","slug":"profesorado-de-teatro","status":"publish","type":"page","link":"https:\/\/etmoron-bue.infd.edu.ar\/sitio\/profesorado-de-teatro\/","title":{"rendered":"PROFESORADO DE TEATRO"},"content":{"rendered":"\n<p>Si tu vocaci\u00f3n es la docencia y el arte, encontrar\u00e1s en el profesorado de teatro las herramientas necesarias para utilizar en forma creativa y eficiente los recursos t\u00e9cnicos e interpretativos pertinentes al ejercicio de la docencia del teatro. La propuesta de esta carrera se enmarca en la Educaci\u00f3n Art\u00edstica y apunta a formar un docente comprometido, participativo y din\u00e1mico en la tarea de ense\u00f1ar. Durante el proceso de formaci\u00f3n se pretende que los futuros docentes logren&nbsp; identificar las principales problem\u00e1ticas y desaf\u00edos de la ense\u00f1anza del teatro, que lleguen a planificar e implementar situaciones did\u00e1cticas variadas y que logren asumir actitudes de compromiso y respeto por la diversidad cultural, la equidad social, la producci\u00f3n cooperativa y en equipo, valorando a su vez la importancia de las producciones art\u00edsticas propias y ajenas. El \u00e1mbito de trabajo del profesor de teatro se encuentra en instituciones educativas p\u00fablicas o privadas de nivel inicial, primario, secundario y superior, en teatros y en \u00e1reas culturales de la administraci\u00f3n p\u00fablica o privada.<\/p>\n\n\n\n<p class=\"has-luminous-vivid-amber-to-luminous-vivid-orange-gradient-background has-background\">Duraci\u00f3n: cuatro a\u00f1os<\/p>\n\n\n\n<p><img decoding=\"async\" loading=\"lazy\" src=\"blob:https:\/\/etmoron-bue.infd.edu.ar\/319ede67-3a78-4885-875b-e385cc910f25\" width=\"602\" height=\"820\"><\/p>\n","protected":false},"excerpt":{"rendered":"<p>Si tu vocaci\u00f3n es la docencia y el arte, encontrar\u00e1s en el profesorado de teatro las herramientas necesarias para utilizar en forma creativa y eficiente los recursos t\u00e9cnicos e interpretativos pertinentes al ejercicio de la docencia del teatro. La propuesta de esta carrera se enmarca en la Educaci\u00f3n Art\u00edstica y apunta a formar un docente &#8230; <a title=\"PROFESORADO DE TEATRO\" class=\"read-more\" href=\"https:\/\/etmoron-bue.infd.edu.ar\/sitio\/profesorado-de-teatro\/\" aria-label=\"More on PROFESORADO DE TEATRO\">[+]<\/a><\/p>\n","protected":false},"author":6,"featured_media":0,"parent":0,"menu_order":0,"comment_status":"closed","ping_status":"closed","template":"","meta":[],"acf":[],"_links":{"self":[{"href":"https:\/\/etmoron-bue.infd.edu.ar\/sitio\/wp-json\/wp\/v2\/pages\/1209"}],"collection":[{"href":"https:\/\/etmoron-bue.infd.edu.ar\/sitio\/wp-json\/wp\/v2\/pages"}],"about":[{"href":"https:\/\/etmoron-bue.infd.edu.ar\/sitio\/wp-json\/wp\/v2\/types\/page"}],"author":[{"embeddable":true,"href":"https:\/\/etmoron-bue.infd.edu.ar\/sitio\/wp-json\/wp\/v2\/users\/6"}],"replies":[{"embeddable":true,"href":"https:\/\/etmoron-bue.infd.edu.ar\/sitio\/wp-json\/wp\/v2\/comments?post=1209"}],"version-history":[{"count":3,"href":"https:\/\/etmoron-bue.infd.edu.ar\/sitio\/wp-json\/wp\/v2\/pages\/1209\/revisions"}],"predecessor-version":[{"id":1677,"href":"https:\/\/etmoron-bue.infd.edu.ar\/sitio\/wp-json\/wp\/v2\/pages\/1209\/revisions\/1677"}],"wp:attachment":[{"href":"https:\/\/etmoron-bue.infd.edu.ar\/sitio\/wp-json\/wp\/v2\/media?parent=1209"}],"curies":[{"name":"wp","href":"https:\/\/api.w.org\/{rel}","templated":true}]}}