{"id":1203,"date":"2025-02-17T19:04:46","date_gmt":"2025-02-17T22:04:46","guid":{"rendered":"https:\/\/etmoron-bue.infd.edu.ar\/sitio\/?page_id=1203"},"modified":"2025-02-20T13:25:05","modified_gmt":"2025-02-20T16:25:05","slug":"resena-historica","status":"publish","type":"page","link":"https:\/\/etmoron-bue.infd.edu.ar\/sitio\/resena-historica\/","title":{"rendered":"RESE\u00d1A HIST\u00d3RICA"},"content":{"rendered":"\n<h2 class=\"wp-block-heading\">Su Historia<\/h2>\n\n\n\n<p><\/p>\n\n\n\n<p>Merced a una gesti\u00f3n municipal que present\u00f3 los antecedentes pertinentes ante las autoridades de la Direcci\u00f3n de Ense\u00f1anza Art\u00edstica, el 15 de Agosto de 1988 se formaliza la fundaci\u00f3n de la Escuela de Teatro que funcion\u00f3 originalmente en el partido de Moreno.<\/p>\n\n\n\n<p>En 1989, la primera inscripci\u00f3n de aspirantes ser\u00e1 de 57 personas para el primer a\u00f1o del Magisterio de Teatro y 15 j\u00f3venes al curso juvenil de Teatro, lo que fue suficientemente representativa del inter\u00e9s despertado en la zona. Sin sede propia, la Escuela funcionaba en la Escuela N\u00b0 4 de Moreno en el turno vespertino.<\/p>\n\n\n\n<p>Su primer dise\u00f1o curricular se nomenclar\u00eda como Magisterio de Teatro (plan R.M. 14\/88). El Plan de estudios vigente en ese momento agregaba un cuatro a\u00f1o que correspond\u00eda al Profesorado de Ense\u00f1anza Teatral, destinado a la ense\u00f1anza en escuelas medias y terciarias. En este sentido cabe recordar la existencia de Talleres de Teatro en las escuelas medias de la zona, cuya necesidad de docentes ser\u00eda abastecida por nuestra Escuela.<\/p>\n\n\n\n<p>En el a\u00f1o 1990, se abre el Ciclo Medio de Teatro para adolescentes. A este Ciclo se ingresaba con el nivel primario aprobado y con una edad de 12 a 14 a\u00f1os y tendr\u00eda una salida laboral equivalente a la de \u00abAnimador sociocultural\u00bb. Adem\u00e1s, articulaba con la formaci\u00f3n de grado en tanto reconoc\u00eda la formaci\u00f3n en algunas asignaturas de lenguaje espec\u00edfico.&nbsp;<\/p>\n\n\n\n<p>Por entonces, por gestiones realizadas ante el Consejo Escolar de Moreno se logra el acceso un espacio fisico m\u00e1s apropiado para el desarrollo de las asignaturas de pr\u00e1ctica esc\u00e9nica. Para tal fin, se concede la utilizaci\u00f3n de las instalaciones del Teatro Municipal de Moreno \u00abLeopoldo Marechal\u00bb.&nbsp; En 1993 se produce un cambio en los planes de estudio, pasa a aplicarse la R.M. 267\/93.<\/p>\n\n\n\n<p>Pero r\u00e1pidamente, en 1994 la Escuela de Teatro se traslada al partido de Mor\u00f3n en donde funciona hasta la actualidad durante el turno vespertino (en un edificio compartido con las escuelas: EP N\u00b01 y EES N\u00b0 51) sito en San Martin 620.<br>Desde el a\u00f1o 1999 se dictan dos carreras: el Profesorado de Teatro (Plan de estudios  RM175\/11) y la Tecnicatura en Actuaci\u00f3n Teatral (RM 13255\/99). Cuenta con una matricula de 420 estudiantes.<\/p>\n","protected":false},"excerpt":{"rendered":"<p>Su Historia Merced a una gesti\u00f3n municipal que present\u00f3 los antecedentes pertinentes ante las autoridades de la Direcci\u00f3n de Ense\u00f1anza Art\u00edstica, el 15 de Agosto de 1988 se formaliza la fundaci\u00f3n de la Escuela de Teatro que funcion\u00f3 originalmente en el partido de Moreno. En 1989, la primera inscripci\u00f3n de aspirantes ser\u00e1 de 57 personas &#8230; <a title=\"RESE\u00d1A HIST\u00d3RICA\" class=\"read-more\" href=\"https:\/\/etmoron-bue.infd.edu.ar\/sitio\/resena-historica\/\" aria-label=\"More on RESE\u00d1A HIST\u00d3RICA\">[+]<\/a><\/p>\n","protected":false},"author":715,"featured_media":0,"parent":0,"menu_order":0,"comment_status":"closed","ping_status":"closed","template":"","meta":[],"acf":[],"_links":{"self":[{"href":"https:\/\/etmoron-bue.infd.edu.ar\/sitio\/wp-json\/wp\/v2\/pages\/1203"}],"collection":[{"href":"https:\/\/etmoron-bue.infd.edu.ar\/sitio\/wp-json\/wp\/v2\/pages"}],"about":[{"href":"https:\/\/etmoron-bue.infd.edu.ar\/sitio\/wp-json\/wp\/v2\/types\/page"}],"author":[{"embeddable":true,"href":"https:\/\/etmoron-bue.infd.edu.ar\/sitio\/wp-json\/wp\/v2\/users\/715"}],"replies":[{"embeddable":true,"href":"https:\/\/etmoron-bue.infd.edu.ar\/sitio\/wp-json\/wp\/v2\/comments?post=1203"}],"version-history":[{"count":7,"href":"https:\/\/etmoron-bue.infd.edu.ar\/sitio\/wp-json\/wp\/v2\/pages\/1203\/revisions"}],"predecessor-version":[{"id":1377,"href":"https:\/\/etmoron-bue.infd.edu.ar\/sitio\/wp-json\/wp\/v2\/pages\/1203\/revisions\/1377"}],"wp:attachment":[{"href":"https:\/\/etmoron-bue.infd.edu.ar\/sitio\/wp-json\/wp\/v2\/media?parent=1203"}],"curies":[{"name":"wp","href":"https:\/\/api.w.org\/{rel}","templated":true}]}}