{"id":1181,"date":"2025-02-15T12:47:44","date_gmt":"2025-02-15T15:47:44","guid":{"rendered":"https:\/\/etmoron-bue.infd.edu.ar\/sitio\/?page_id=1181"},"modified":"2025-11-29T12:59:24","modified_gmt":"2025-11-29T15:59:24","slug":"matriculacion","status":"publish","type":"page","link":"https:\/\/etmoron-bue.infd.edu.ar\/sitio\/matriculacion\/","title":{"rendered":"MATRICULACI\u00d3N \/ CORRELATIVAS"},"content":{"rendered":"\n<p>A\u00f1o a a\u00f1o, cada estudiante podr\u00e1 realizar la matriculaci\u00f3n a materias por A\u00f1o\/Carrera la cual deber\u00e1 respetar el orden de correlatividades indicado por cada Plan de Estudios de la Carrera correspondiente:<\/p>\n\n\n\n<p>la <a rel=\"noreferrer noopener\" href=\"https:\/\/drive.google.com\/file\/d\/10GPRoC0huaZXZ-_RT791XwVsKDuLW3gO\/view?usp=sharing\" target=\"_blank\">Resoluci\u00f3n Ministerial 175\/11 del Profesorado de Teatro<\/a>, <\/p>\n\n\n\n<p>o la <a rel=\"noreferrer noopener\" href=\"https:\/\/drive.google.com\/file\/d\/10GRUhafaLkD9YAl_SSbQWzo6Sreae4rG\/view?usp=sharing\" target=\"_blank\">Resoluci\u00f3n 13255\/99 de la Tecnicatura en Actuaci\u00f3n Teatral o el Ciclo de Formaci\u00f3n B\u00e1sica<\/a>.&nbsp;<\/p>\n\n\n\n<p><\/p>\n\n\n\n<p>Seg\u00fan el R\u00e9gimen Acad\u00e9mico, siempre ser\u00e1 RESPONSABILIDAD del Estudiante inscribirse de manera correcta.<\/p>\n\n\n\n<p><\/p>\n\n\n\n<p><strong>CONDICIONES DEL ESTUDIANTE PARA LA CORRECTA MATRICULACI\u00d3N:<\/strong><\/p>\n\n\n\n<p><\/p>\n\n\n\n<p>**REGULAR: Cuando la materia correlativa seg\u00fan el Plan de estudios se encuentren acreditadas.<\/p>\n\n\n\n<p>**AD REFERENDUM: cuando la\/s materia\/s correlativa\/s anteriores inmediatas se encuentran con la cursada aprobada pero con el EXAMEN FINAL PENDIENTE DE ACREDITACI\u00d3N.<\/p>\n\n\n\n<p>**RECURSANTE: Cuando la cursada anterior de la materia no se encuentre aprobada ni acreditada, y la misma se repite. Tambi\u00e9n valido para materias pendientes de acreditaci\u00f3n con cursada aprobada anterior a ocho turnos de mesas de examen disponibles a partir de la aprobaci\u00f3n de la cursada con examen final pendiente (2 a\u00f1os y medio, seg\u00fan nuevo RAM) .<\/p>\n\n\n\n<p>**LIBRE: para materias habilitadas tanto por el Plan de Estudios como por el R\u00e9gimen Acad\u00e9mico Marco: son TODAS las materias, excepto las Pr\u00e1cticas Docentes y EDIs.<\/p>\n\n\n\n<p>**EQUIVALENCIA INTERNA: para materias de misma denominaci\u00f3n y contenidos entre carreras dictadas dentro de la Instituci\u00f3n. Se presenta la solicitud por legajo hasta el 30 de abril y&nbsp;se cursa hasta su dictamen.<\/p>\n\n\n\n<p>**EQUIVALENCIA EXTERNA: para materias de misma denominaci\u00f3n y contenidos entre carreras provenientes de otra Instituci\u00f3n. Se presenta la solicitud por legajo hasta el 30 de abril y&nbsp;se cursa hasta su dictamen.<\/p>\n\n\n\n<p>**ITINERANTE: para materias cuyo estudiante es regular en otra Instituci\u00f3n similar de la Provincia de Bs As y tambi\u00e9n se matricula en materias en La Escuela de Teatro de Mor\u00f3n.<\/p>\n\n\n\n<p>**OYENTE: para materias cuyo es estudiante regular de la Instituci\u00f3n y desea profundizar o actualizar conocimientos en una materia de su inter\u00e9s. Se matricula y se registra su asistencia pero no se califica. Queda sujeto a la disponibilidad de vacantes. Prioridad: estudiantes avanzados en carrera.<\/p>\n\n\n\n<p><\/p>\n\n\n\n<p><strong>LINKS DE ACCESO A TABLA DE CORRELATIVIDADES DE MATERIAS POR CARRERA:<\/strong><\/p>\n\n\n\n<p><\/p>\n\n\n\n<p><a rel=\"noreferrer noopener\" href=\"https:\/\/drive.google.com\/file\/d\/1UOFS4zdPPiJ9I7C1wRbewCiHk8U9fwCO\/view?usp=sharing\" target=\"_blank\">CORRELATIVIDADES DE PROFESORADO DE TEATRO<\/a><\/p>\n\n\n\n<p><a href=\"https:\/\/drive.google.com\/file\/d\/1FuLlN6pokrB8PIwkzx-ECdWQmJQMOa8_\/view?usp=drive_link\" target=\"_blank\" rel=\"noreferrer noopener\">CORRELATIVIDADES CARRERA TECNICATURA EN ACTUACI\u00d3N TEATRAL<\/a><\/p>\n","protected":false},"excerpt":{"rendered":"<p>A\u00f1o a a\u00f1o, cada estudiante podr\u00e1 realizar la matriculaci\u00f3n a materias por A\u00f1o\/Carrera la cual deber\u00e1 respetar el orden de correlatividades indicado por cada Plan de Estudios de la Carrera correspondiente: la Resoluci\u00f3n Ministerial 175\/11 del Profesorado de Teatro, o la Resoluci\u00f3n 13255\/99 de la Tecnicatura en Actuaci\u00f3n Teatral o el Ciclo de Formaci\u00f3n B\u00e1sica.&nbsp; &#8230; <a title=\"MATRICULACI\u00d3N \/ CORRELATIVAS\" class=\"read-more\" href=\"https:\/\/etmoron-bue.infd.edu.ar\/sitio\/matriculacion\/\" aria-label=\"More on MATRICULACI\u00d3N \/ CORRELATIVAS\">[+]<\/a><\/p>\n","protected":false},"author":716,"featured_media":0,"parent":0,"menu_order":0,"comment_status":"closed","ping_status":"closed","template":"","meta":[],"acf":[],"_links":{"self":[{"href":"https:\/\/etmoron-bue.infd.edu.ar\/sitio\/wp-json\/wp\/v2\/pages\/1181"}],"collection":[{"href":"https:\/\/etmoron-bue.infd.edu.ar\/sitio\/wp-json\/wp\/v2\/pages"}],"about":[{"href":"https:\/\/etmoron-bue.infd.edu.ar\/sitio\/wp-json\/wp\/v2\/types\/page"}],"author":[{"embeddable":true,"href":"https:\/\/etmoron-bue.infd.edu.ar\/sitio\/wp-json\/wp\/v2\/users\/716"}],"replies":[{"embeddable":true,"href":"https:\/\/etmoron-bue.infd.edu.ar\/sitio\/wp-json\/wp\/v2\/comments?post=1181"}],"version-history":[{"count":10,"href":"https:\/\/etmoron-bue.infd.edu.ar\/sitio\/wp-json\/wp\/v2\/pages\/1181\/revisions"}],"predecessor-version":[{"id":1824,"href":"https:\/\/etmoron-bue.infd.edu.ar\/sitio\/wp-json\/wp\/v2\/pages\/1181\/revisions\/1824"}],"wp:attachment":[{"href":"https:\/\/etmoron-bue.infd.edu.ar\/sitio\/wp-json\/wp\/v2\/media?parent=1181"}],"curies":[{"name":"wp","href":"https:\/\/api.w.org\/{rel}","templated":true}]}}