{"id":1126,"date":"2025-02-13T22:21:45","date_gmt":"2025-02-14T01:21:45","guid":{"rendered":"https:\/\/etmoron-bue.infd.edu.ar\/sitio\/?page_id=1126"},"modified":"2025-11-01T10:11:12","modified_gmt":"2025-11-01T13:11:12","slug":"cooperadora","status":"publish","type":"page","link":"https:\/\/etmoron-bue.infd.edu.ar\/sitio\/cooperadora\/","title":{"rendered":"COOPERADORA"},"content":{"rendered":"\n<figure class=\"wp-block-image size-full is-resized\"><img decoding=\"async\" loading=\"lazy\" src=\"https:\/\/etmoron-bue.infd.edu.ar\/sitio\/wp-content\/uploads\/2025\/02\/LOGO.jpg\" alt=\"\" class=\"wp-image-1355\" width=\"360\" height=\"367\"\/><\/figure>\n\n\n\n<p><em style=\"font-weight: bold;\">LA COOPERADORA DE LA ETM<\/em><br><\/p>\n\n\n\n<p><em>SUMATE!!!<\/em><\/p>\n\n\n\n<p><em>SE RECAUDA A TRAV\u00c9S DE LOS BONOS O CUOTA SOCIAL,<\/em> <em>POD\u00c9S ABONAR EN EFECTIVO EN LA ESCUELA (en Preceptor\u00eda) O AL ALIAS DE LA CUENTA DEL BANCO PROVINCIA DE LA ASOCIACI\u00d3N COOPERADORA:<\/em><\/p>\n\n\n\n<p class=\"has-text-align-center\"><br><strong><em>JEFE.CRUCE.FAROLA<\/em><\/strong><\/p>\n\n\n\n<p>Valores:<br>BONO MENSUAL ($4000)<\/p>\n\n\n\n<p>BONO TRIMESTRAL ($12000)<\/p>\n\n\n\n<p>BONO SEMESTRAL ($24000)<\/p>\n\n\n\n<p>BONO ANUAL ($48000)<\/p>\n\n\n\n<p>LIBRETA FOBA ($1800)<\/p>\n\n\n\n<p>LIBRETA CARRERAS ($2000)<\/p>\n\n\n\n<p><br><em>Si el pago es virtual una vez realizado por favor envi\u00e1 el comprobante a\u00a0<\/em><a rel=\"noreferrer noopener\" href=\"mailto:cooperadorateatro@gmail.com\" target=\"_blank\"><em>cooperadorateatro@gmail.com<\/em><\/a><em>\u00a0con el concepto PAGO ANUAL\/SEMESTRAL\/ TRIMESTRAL en el asunto para poder registrarlo.<\/em> <em>Gracias por tu aporte!!<\/em><\/p>\n\n\n\n<p><em>Nos vemos en los pasillos!!!<\/em><\/p>\n\n\n\n<p>Escrib\u00ednos cooperadorateatro@gmail.com<\/p>\n\n\n\n<p>Segu\u00ednos en Instagram: <a href=\"https:\/\/www.instagram.com\/cooperadora.etm?igsh=MXF5aGZndG9rYXNycw==\" data-type=\"URL\" target=\"_blank\" rel=\"noreferrer noopener\">@cooperadora.etm<\/a><\/p>\n\n\n\n<p><\/p>\n\n\n\n<p><\/p>\n\n\n\n<p><strong>La Asociaci\u00f3n Cooperadora de la ETM funciona desde el a\u00f1o 1996 en que se cre\u00f3. Est\u00e1 conformada por estudiantes y docentes de la comunidad y abierta a la participaci\u00f3n de quien desee colaborar siempre.<\/strong><\/p>\n\n\n\n<h5 class=\"wp-block-heading\"><strong>La Comisi\u00f3n con el asesoramiento de la Direcci\u00f3n, gestiona y destina los fondos respondiendo a las necesidades de la Instituci\u00f3n<\/strong> ya que la Escuela no cuenta con un fondo o subsidio anual, por lo que la Cooperadora es nuestra manera de acceder a lo econ\u00f3mico.<\/h5>\n\n\n\n<p>Es autogestiva, de autofinanciamiento, solidaria y voluntaria. Permite, con el aporte de todxs, lograr cubrir las necesidades  de la Comunidad, pudiendo acceder a los materiales que favorecen la formaci\u00f3n Acad\u00e9mica espec\u00edfica.<\/p>\n\n\n\n<p>La Cooperadora de ETM se encarga de gastos cotidianos como:  compra y reparaci\u00f3n de equipos, compra y renovaci\u00f3n de repuestos t\u00e9cnicos; compra de materiales did\u00e1cticos (puesta esc\u00e9nica y otros), de Librer\u00eda para Preceptor\u00eda, Secretar\u00eda y Direcci\u00f3n, entre otros.<\/p>\n\n\n\n<p>Cada nueva inversi\u00f3n se informa a trav\u00e9s de nuestras redes y cada a\u00f1o se da cuenta del destino de los fondos durante el \u00faltimo per\u00edodo en la Asamblea Anual Ordinaria .<\/p>\n\n\n\n<p>Es <strong>muy importante<\/strong> la colaboraci\u00f3n de todxs mes a mes, sabiendo que para muchos es un esfuerzo, es la manera de, entre todxs, seguir teniendo un espacio digno de formaci\u00f3n espec\u00edfica.<\/p>\n\n\n\n<p>Este a\u00f1o te invitamos, siempre que puedas, a mantener la cuota social al d\u00eda, a motivar y concientizar a otros a hacerlo, a cuidar los materiales y a sumarte a las actividades, eso es hacer un mont\u00f3n por la ESCUELA que es de TODXS!!  <\/p>\n\n\n\n<p>GRACIAS!!<\/p>\n\n\n\n<p><em><strong>Cooperadora ETM<\/strong><\/em><\/p>\n","protected":false},"excerpt":{"rendered":"<p>LA COOPERADORA DE LA ETM SUMATE!!! SE RECAUDA A TRAV\u00c9S DE LOS BONOS O CUOTA SOCIAL, POD\u00c9S ABONAR EN EFECTIVO EN LA ESCUELA (en Preceptor\u00eda) O AL ALIAS DE LA CUENTA DEL BANCO PROVINCIA DE LA ASOCIACI\u00d3N COOPERADORA: JEFE.CRUCE.FAROLA Valores:BONO MENSUAL ($4000) BONO TRIMESTRAL ($12000) BONO SEMESTRAL ($24000) BONO ANUAL ($48000) LIBRETA FOBA ($1800) LIBRETA &#8230; <a title=\"COOPERADORA\" class=\"read-more\" href=\"https:\/\/etmoron-bue.infd.edu.ar\/sitio\/cooperadora\/\" aria-label=\"More on COOPERADORA\">[+]<\/a><\/p>\n","protected":false},"author":715,"featured_media":0,"parent":0,"menu_order":0,"comment_status":"closed","ping_status":"closed","template":"","meta":[],"acf":[],"_links":{"self":[{"href":"https:\/\/etmoron-bue.infd.edu.ar\/sitio\/wp-json\/wp\/v2\/pages\/1126"}],"collection":[{"href":"https:\/\/etmoron-bue.infd.edu.ar\/sitio\/wp-json\/wp\/v2\/pages"}],"about":[{"href":"https:\/\/etmoron-bue.infd.edu.ar\/sitio\/wp-json\/wp\/v2\/types\/page"}],"author":[{"embeddable":true,"href":"https:\/\/etmoron-bue.infd.edu.ar\/sitio\/wp-json\/wp\/v2\/users\/715"}],"replies":[{"embeddable":true,"href":"https:\/\/etmoron-bue.infd.edu.ar\/sitio\/wp-json\/wp\/v2\/comments?post=1126"}],"version-history":[{"count":10,"href":"https:\/\/etmoron-bue.infd.edu.ar\/sitio\/wp-json\/wp\/v2\/pages\/1126\/revisions"}],"predecessor-version":[{"id":1667,"href":"https:\/\/etmoron-bue.infd.edu.ar\/sitio\/wp-json\/wp\/v2\/pages\/1126\/revisions\/1667"}],"wp:attachment":[{"href":"https:\/\/etmoron-bue.infd.edu.ar\/sitio\/wp-json\/wp\/v2\/media?parent=1126"}],"curies":[{"name":"wp","href":"https:\/\/api.w.org\/{rel}","templated":true}]}}