{"id":1123,"date":"2025-02-13T22:21:11","date_gmt":"2025-02-14T01:21:11","guid":{"rendered":"https:\/\/etmoron-bue.infd.edu.ar\/sitio\/?page_id=1123"},"modified":"2026-03-16T01:34:25","modified_gmt":"2026-03-16T04:34:25","slug":"ce","status":"publish","type":"page","link":"https:\/\/etmoron-bue.infd.edu.ar\/sitio\/ce\/","title":{"rendered":"CE &#8211; ContraEscena&#x1f7e3;"},"content":{"rendered":"\n<p>La Escuela de Teatro de Mor\u00f3n cuenta actualmente con el Centro de Estudiantes CONTRAESCENA para defender y asegurar el pleno ejercicio de los derechos estudiantiles creando un \u00e1mbito de acci\u00f3n, para participar en las soluciones a las problem\u00e1ticas estudiantiles, para fomentar el debate, la participaci\u00f3n y el esp\u00edritu cr\u00edtico y para velar la tarea acad\u00e9mica y administrativa de las instituci\u00f3n.<\/p>\n\n\n\n<p>Son objetivos del Centro de Estudiantes:<\/p>\n\n\n\n<p>a. Representar equitativamente a los alumnos de la instituci\u00f3n estudiantil, saciando sus necesidades e<br>inquietudes.<br>b. Fomentar la participaci\u00f3n de los alumnos en cuestiones que sean de su preocupaci\u00f3n, realizando<br>actividades de car\u00e1cter culturales, art\u00edsticas, recreativas, de esparcimiento, deportivas y sociales en pos<br>de la consecuci\u00f3n de los ideales de igualdad, solidaridad, lealtad, libertad, democracia, justicia y no<br>discriminaci\u00f3n.<br>c. Contribuir al desarrollo de una cultura pluralista donde el debate de las cuestiones de inter\u00e9s p\u00fablico<br>est\u00e9n directamente relacionadas con la b\u00fasqueda de consenso y la armonizaci\u00f3n de las diferencias a<br>trav\u00e9s de la deliberaci\u00f3n.<\/p>\n\n\n\n<p>d. Apelar a la responsabilidad de los alumnos y a sus capacidades para darse sus propias formas de<br>representaci\u00f3n, perfeccionando sus capacidad de elegir, optar, decidir libre y responsablemente,<br>permitiendo de este modo su participaci\u00f3n, posibilitando el aporte de las expresiones individuales.<br>e. Comprometer al conjunto de la comunidad educativa en la discusi\u00f3n de los temas que le conciernen y<br>de aquellos que hacen a la sociedad en su conjunto, fortaleciendo la armon\u00eda e integraci\u00f3n de todos los<br>componentes de la unidad educativa ( alumnos, profesores, directivos, etc.)<br>f. Fomentar el intercambio de ideas con otras instituciones educativas y dentro de los \u00e1mbitos de<br>representaci\u00f3n regionales y provinciales.<\/p>\n\n\n\n<p>De Los Miembros<\/p>\n\n\n\n<p>Podr\u00e1n participar de los Centro de estudiantes todas aquellas personas que acrediten<br>ser estudiantes regulares del establecimiento educativo respectivo, como \u00fanico requisito.<\/p>\n\n\n\n<p class=\"has-luminous-vivid-amber-to-luminous-vivid-orange-gradient-background has-background has-medium-font-size\">La reglamentaci\u00f3n que lo regula es la <a href=\"https:\/\/drive.google.com\/file\/d\/1_7jF5FXjihjbC5yFl9GA5QUOtI0u7U6d\/view?usp=sharing\" data-type=\"URL\" data-id=\"https:\/\/drive.google.com\/file\/d\/1_7jF5FXjihjbC5yFl9GA5QUOtI0u7U6d\/view?usp=sharing\" target=\"_blank\" rel=\"noreferrer noopener\">Resoluci\u00f3n Ministerial 4900\/05<\/a><\/p>\n\n\n\n<p>Consultala para conocer su alcance!!!<\/p>\n\n\n\n<p><\/p>\n\n\n\n<p>Te esperamos en El Centro!!!<\/p>\n\n\n\n<p><em>Equipo ETM&#x1f3ad;<\/em><\/p>\n","protected":false},"excerpt":{"rendered":"<p>La Escuela de Teatro de Mor\u00f3n cuenta actualmente con el Centro de Estudiantes CONTRAESCENA para defender y asegurar el pleno ejercicio de los derechos estudiantiles creando un \u00e1mbito de acci\u00f3n, para participar en las soluciones a las problem\u00e1ticas estudiantiles, para fomentar el debate, la participaci\u00f3n y el esp\u00edritu cr\u00edtico y para velar la tarea acad\u00e9mica &#8230; <a title=\"CE &#8211; ContraEscena&#x1f7e3;\" class=\"read-more\" href=\"https:\/\/etmoron-bue.infd.edu.ar\/sitio\/ce\/\" aria-label=\"More on CE &#8211; ContraEscena&#x1f7e3;\">[+]<\/a><\/p>\n","protected":false},"author":6,"featured_media":0,"parent":0,"menu_order":0,"comment_status":"closed","ping_status":"closed","template":"","meta":[],"acf":[],"_links":{"self":[{"href":"https:\/\/etmoron-bue.infd.edu.ar\/sitio\/wp-json\/wp\/v2\/pages\/1123"}],"collection":[{"href":"https:\/\/etmoron-bue.infd.edu.ar\/sitio\/wp-json\/wp\/v2\/pages"}],"about":[{"href":"https:\/\/etmoron-bue.infd.edu.ar\/sitio\/wp-json\/wp\/v2\/types\/page"}],"author":[{"embeddable":true,"href":"https:\/\/etmoron-bue.infd.edu.ar\/sitio\/wp-json\/wp\/v2\/users\/6"}],"replies":[{"embeddable":true,"href":"https:\/\/etmoron-bue.infd.edu.ar\/sitio\/wp-json\/wp\/v2\/comments?post=1123"}],"version-history":[{"count":4,"href":"https:\/\/etmoron-bue.infd.edu.ar\/sitio\/wp-json\/wp\/v2\/pages\/1123\/revisions"}],"predecessor-version":[{"id":1946,"href":"https:\/\/etmoron-bue.infd.edu.ar\/sitio\/wp-json\/wp\/v2\/pages\/1123\/revisions\/1946"}],"wp:attachment":[{"href":"https:\/\/etmoron-bue.infd.edu.ar\/sitio\/wp-json\/wp\/v2\/media?parent=1123"}],"curies":[{"name":"wp","href":"https:\/\/api.w.org\/{rel}","templated":true}]}}