{"id":1120,"date":"2025-02-13T22:20:55","date_gmt":"2025-02-14T01:20:55","guid":{"rendered":"https:\/\/etmoron-bue.infd.edu.ar\/sitio\/?page_id=1120"},"modified":"2025-11-01T10:28:35","modified_gmt":"2025-11-01T13:28:35","slug":"cai","status":"publish","type":"page","link":"https:\/\/etmoron-bue.infd.edu.ar\/sitio\/cai\/","title":{"rendered":"CAI"},"content":{"rendered":"\n<div class=\"wp-block-cover aligncenter has-parallax\" style=\"min-height:100vh\"><span aria-hidden=\"true\" class=\"wp-block-cover__background has-background-dim\"><\/span><div role=\"img\" class=\"wp-block-cover__image-background wp-image-694 has-parallax\" style=\"background-position:50% 50%;background-image:url(https:\/\/etmoron-bue.infd.edu.ar\/sitio\/wp-content\/uploads\/2024\/08\/Fondo-ETM.jpg)\"><\/div><div class=\"wp-block-cover__inner-container\">\n<p class=\"has-text-align-center has-large-font-size\"><strong> <u>Nuevo Consejo Acad\u00e9mico Institucional &#8211; ETM<\/u><\/strong><\/p>\n\n\n\n<p><strong>\u00bfQU\u00c9 ES EL CAI?<\/strong><\/p>\n\n\n\n<p><strong>El CAI es el&nbsp;\u00f3rgano colegiado de asesoramiento, propuesta, debate y decisi\u00f3n, para una gesti\u00f3n participativa, en el marco de la autonom\u00eda institucional en la unidad del sistema del nivel superior, dentro de las regulaciones de la pol\u00edtica educativa jurisdiccional y federal.<\/strong><\/p>\n\n\n\n<p><strong>El Consejo Acad\u00e9mico Institucional se organiza y desarrolla conforme a los reglamentos internos (<a href=\"https:\/\/docs.google.com\/document\/d\/116A3S_pBSXyJ0CWBNmWKMBdOwBTW7BET\/edit?usp=sharing&amp;ouid=107470619809112197673&amp;rtpof=true&amp;sd=true\">Acuerdo Institucional de Convivencia ETM<\/a> aprobado en dic\/2022), conforme a lo&nbsp;establecido en la<\/strong><\/p>\n\n\n\n<p><strong><a href=\"https:\/\/drive.google.com\/file\/d\/1dC8NenZ17kNVcRjKCVO5790Tfx24T-yb\/view?usp=share_link\">Res. 4044\/09 CAI y ANexos <\/a>,<\/strong><\/p>\n\n\n\n<p><strong>Conoc\u00e9 y Le\u00e9 el&nbsp;<a href=\"https:\/\/docs.google.com\/document\/d\/116A3S_pBSXyJ0CWBNmWKMBdOwBTW7BET\/edit?usp=sharing&amp;ouid=107470619809112197673&amp;rtpof=true&amp;sd=true\">Acuerdo Institucional de Convivencia ETM<\/a><\/strong><\/p>\n\n\n\n<p><strong>Las decisiones del CAI tendr\u00e1n car\u00e1cter vinculante para la Instituci\u00f3n y car\u00e1cter de asesoramiento en toda otra cuesti\u00f3n que trate a requerimiento de los equipos de conducci\u00f3n.&nbsp;<br><br>Se encuentra presidido por la Direcci\u00f3n de la Instituci\u00f3n y conformado por les representantes electos en la \u00faltima votaci\u00f3n <strong>del CAI ETM<\/strong><\/strong> <strong>en JUNIO de 2025, conforme a la&nbsp;<a href=\"https:\/\/drive.google.com\/file\/d\/1dC8NenZ17kNVcRjKCVO5790Tfx24T-yb\/view?usp=share_link\">Resoluci\u00f3n 4044\/09 CAI Y ANEXOS<\/a>&nbsp;que regula el funcionamiento del mismo. Ella\/o\/es son les siguientes:<\/strong><\/p>\n\n\n\n<p><\/p>\n\n\n\n<p><\/p>\n\n\n\n<p><strong>Claustro Docente:&nbsp;<\/strong><\/p>\n\n\n\n<p class=\"has-text-align-center has-medium-font-size\"><strong>(Titulares)<\/strong><\/p>\n\n\n\n<figure class=\"wp-block-table is-style-regular\"><table class=\"has-fixed-layout\"><tbody><tr><td><strong>Clara N\u00fa\u00f1ez<\/strong><\/td><td><strong>Luciana Murdocca<\/strong><\/td><td><strong>Ladys Gonzalez<\/strong><\/td><td><strong>Nahuel Delgado<\/strong><\/td><td><strong>Anal\u00eda Dambo Elena<\/strong><\/td><td class=\"has-text-align-center\" data-align=\"center\"><strong>Silvia Gui\u00f1az\u00fa<\/strong><\/td><\/tr><tr><td><img decoding=\"async\" src=\"https:\/\/etmoron-bue.infd.edu.ar\/sitio\/wp-content\/uploads\/2024\/11\/Sin-Foto.png\" alt=\"\" style=\"width: 150px;\"><\/td><td><img decoding=\"async\" loading=\"lazy\" width=\"624\" height=\"702\" class=\"wp-image-827\" style=\"width: 150px;\" src=\"https:\/\/etmoron-bue.infd.edu.ar\/sitio\/wp-content\/uploads\/2024\/11\/Sin-Foto.png\" alt=\"\"><\/td><td><img decoding=\"async\" loading=\"lazy\" width=\"624\" height=\"702\" class=\"wp-image-826\" style=\"width: 150px;\" src=\"https:\/\/etmoron-bue.infd.edu.ar\/sitio\/wp-content\/uploads\/2024\/11\/Ladys.png\" alt=\"\"><\/td><td><img decoding=\"async\" loading=\"lazy\" width=\"624\" height=\"702\" class=\"wp-image-827\" style=\"width: 150px;\" src=\"https:\/\/etmoron-bue.infd.edu.ar\/sitio\/wp-content\/uploads\/2024\/11\/Sin-Foto.png\" alt=\"\"><\/td><td><img decoding=\"async\" loading=\"lazy\" width=\"624\" height=\"702\" class=\"wp-image-827\" style=\"width: 150px;\" src=\"https:\/\/etmoron-bue.infd.edu.ar\/sitio\/wp-content\/uploads\/2024\/11\/Sin-Foto.png\" alt=\"\"><\/td><td class=\"has-text-align-center\" data-align=\"center\"><img decoding=\"async\" loading=\"lazy\" width=\"608\" height=\"671\" class=\"wp-image-805\" style=\"width: 150px;\" src=\"https:\/\/etmoron-bue.infd.edu.ar\/sitio\/wp-content\/uploads\/2024\/11\/Silvia.png\" alt=\"\"><\/td><\/tr><\/tbody><\/table><figcaption class=\"wp-element-caption\"> <strong>&nbsp;<\/strong><\/figcaption><\/figure>\n\n\n\n<p class=\"has-text-align-center has-medium-font-size\"><strong>(Suplentes)<\/strong><\/p>\n\n\n\n<figure class=\"wp-block-table is-style-regular\"><table class=\"has-fixed-layout\"><tbody><tr><td><strong>Luciana Bonett Xicoy<\/strong> <br><\/td><td><strong>Sof\u00eda Smaldone<\/strong><\/td><td><strong>Lorena Maldonado <\/strong><\/td><td><strong>Cintia Federico<\/strong><\/td><td><strong>Silvia Carabetta<\/strong><\/td><td><strong>Gabriela Fern\u00e1ndez Boa<\/strong><\/td><\/tr><tr><td><img decoding=\"async\" loading=\"lazy\" width=\"624\" height=\"702\" class=\"wp-image-827\" style=\"width: 150px;\" src=\"https:\/\/etmoron-bue.infd.edu.ar\/sitio\/wp-content\/uploads\/2024\/11\/Sin-Foto.png\" alt=\"\"><\/td><td><img decoding=\"async\" loading=\"lazy\" width=\"624\" height=\"702\" class=\"wp-image-827\" style=\"width: 150px;\" src=\"https:\/\/etmoron-bue.infd.edu.ar\/sitio\/wp-content\/uploads\/2024\/11\/Sin-Foto.png\" alt=\"\"><\/td><td><img decoding=\"async\" loading=\"lazy\" width=\"624\" height=\"702\" class=\"wp-image-827\" style=\"width: 150px;\" src=\"https:\/\/etmoron-bue.infd.edu.ar\/sitio\/wp-content\/uploads\/2024\/11\/Sin-Foto.png\" alt=\"\"><\/td><td><img decoding=\"async\" loading=\"lazy\" width=\"617\" height=\"690\" class=\"wp-image-792\" style=\"width: 150px;\" src=\"https:\/\/etmoron-bue.infd.edu.ar\/sitio\/wp-content\/uploads\/2024\/11\/Cintia.png\" alt=\"\"><\/td><td><img decoding=\"async\" loading=\"lazy\" width=\"624\" height=\"702\" class=\"wp-image-827\" style=\"width: 150px;\" src=\"https:\/\/etmoron-bue.infd.edu.ar\/sitio\/wp-content\/uploads\/2024\/11\/Sin-Foto.png\" alt=\"\"><\/td><td><img decoding=\"async\" loading=\"lazy\" width=\"624\" height=\"702\" class=\"wp-image-827\" style=\"width: 150px;\" src=\"https:\/\/etmoron-bue.infd.edu.ar\/sitio\/wp-content\/uploads\/2024\/11\/Sin-Foto.png\" alt=\"\"><\/td><\/tr><\/tbody><\/table><figcaption class=\"wp-element-caption\"> <\/figcaption><\/figure>\n\n\n\n<p class=\"has-text-align-center has-medium-font-size\"> <strong>Estudiantes :(Titulares)<\/strong><\/p>\n\n\n\n<p><\/p>\n\n\n\n<figure class=\"wp-block-table aligncenter\"><table><tbody><tr><td class=\"has-text-align-center\" data-align=\"center\"><strong>Luz Garc\u00eda Massa <\/strong><\/td><td class=\"has-text-align-center\" data-align=\"center\"><strong>Monsterrat de las Casas <\/strong><\/td><td class=\"has-text-align-center\" data-align=\"center\"><strong>Gonz\u00e1lez Candela<\/strong><\/td><td class=\"has-text-align-center\" data-align=\"center\"><strong>L\u00f3pez Jorgelina<\/strong><\/td><td class=\"has-text-align-center\" data-align=\"center\"><strong>Vonch Bruno<\/strong><\/td><\/tr><tr><td class=\"has-text-align-center\" data-align=\"center\"><img decoding=\"async\" loading=\"lazy\" width=\"624\" height=\"702\" class=\"wp-image-827\" style=\"width: 150px;\" src=\"https:\/\/etmoron-bue.infd.edu.ar\/sitio\/wp-content\/uploads\/2024\/11\/Sin-Foto.png\" alt=\"\"><\/td><td class=\"has-text-align-center\" data-align=\"center\"><img decoding=\"async\" loading=\"lazy\" width=\"624\" height=\"702\" class=\"wp-image-827\" style=\"width: 150px;\" src=\"https:\/\/etmoron-bue.infd.edu.ar\/sitio\/wp-content\/uploads\/2024\/11\/Sin-Foto.png\" alt=\"\"><\/td><td class=\"has-text-align-center\" data-align=\"center\"><img decoding=\"async\" loading=\"lazy\" width=\"624\" height=\"702\" class=\"wp-image-827\" style=\"width: 150px;\" src=\"https:\/\/etmoron-bue.infd.edu.ar\/sitio\/wp-content\/uploads\/2024\/11\/Sin-Foto.png\" alt=\"\"><\/td><td class=\"has-text-align-center\" data-align=\"center\"><img decoding=\"async\" loading=\"lazy\" width=\"624\" height=\"702\" class=\"wp-image-827\" style=\"width: 150px;\" src=\"https:\/\/etmoron-bue.infd.edu.ar\/sitio\/wp-content\/uploads\/2024\/11\/Sin-Foto.png\" alt=\"\"><\/td><td class=\"has-text-align-center\" data-align=\"center\"><img decoding=\"async\" loading=\"lazy\" width=\"624\" height=\"702\" class=\"wp-image-827\" style=\"width: 150px;\" src=\"https:\/\/etmoron-bue.infd.edu.ar\/sitio\/wp-content\/uploads\/2024\/11\/Sin-Foto.png\" alt=\"\"><\/td><\/tr><\/tbody><\/table><\/figure>\n\n\n\n<p class=\"has-text-align-center has-medium-font-size\"><strong>(Suplentes)<\/strong><\/p>\n\n\n\n<figure class=\"wp-block-table aligncenter\"><table><tbody><tr><td><strong>Estrella Tolaba<\/strong><\/td><td><strong>Jos\u00e9 Luis Estigarribia<\/strong> <\/td><td><strong>Valentina Ben\u00edtez <\/strong><\/td><td><strong>Rub\u00e9n Dar\u00edo Barbieri<\/strong><\/td><td><\/td><td><\/td><\/tr><tr><td><img decoding=\"async\" loading=\"lazy\" width=\"624\" height=\"702\" class=\"wp-image-827\" style=\"width: 150px;\" src=\"https:\/\/etmoron-bue.infd.edu.ar\/sitio\/wp-content\/uploads\/2024\/11\/Sin-Foto.png\" alt=\"\"><\/td><td><img decoding=\"async\" loading=\"lazy\" width=\"624\" height=\"702\" class=\"wp-image-827\" style=\"width: 150px;\" src=\"https:\/\/etmoron-bue.infd.edu.ar\/sitio\/wp-content\/uploads\/2024\/11\/Sin-Foto.png\" alt=\"\"><\/td><td><img decoding=\"async\" loading=\"lazy\" width=\"624\" height=\"702\" class=\"wp-image-827\" style=\"width: 150px;\" src=\"https:\/\/etmoron-bue.infd.edu.ar\/sitio\/wp-content\/uploads\/2024\/11\/Sin-Foto.png\" alt=\"\"><\/td><td><img decoding=\"async\" loading=\"lazy\" width=\"624\" height=\"702\" class=\"wp-image-827\" style=\"width: 150px;\" src=\"https:\/\/etmoron-bue.infd.edu.ar\/sitio\/wp-content\/uploads\/2024\/11\/Sin-Foto.png\" alt=\"\"><\/td><td><\/td><td><\/td><\/tr><\/tbody><\/table><\/figure>\n\n\n\n<p class=\"has-text-align-center\"><strong><br>No Docentes:&nbsp;<\/strong><\/p>\n\n\n\n<figure class=\"wp-block-table aligncenter\"><table><tbody><tr><td class=\"has-text-align-center\" data-align=\"center\"><\/td><td><strong>Eleonora Schvartzman<\/strong><\/td><\/tr><tr><td class=\"has-text-align-center\" data-align=\"center\"><\/td><td><img decoding=\"async\" loading=\"lazy\" width=\"624\" height=\"702\" class=\"wp-image-827\" style=\"width: 150px;\" src=\"https:\/\/etmoron-bue.infd.edu.ar\/sitio\/wp-content\/uploads\/2024\/11\/Sin-Foto.png\" alt=\"\"><\/td><\/tr><\/tbody><\/table><\/figure>\n\n\n\n<p><strong><br>Para plantear inquietudes especiales o informar situaciones que necesitan ser resueltas en instancias directas de reclamo escrib\u00ed a&nbsp;<a href=\"mailto:consejoacademicoetm@gmail.com\">consejoacademicoetm@gmail.com<\/a>&nbsp;aclarando el tema o urgencia en el Asunto. Gracias.<\/strong><\/p>\n\n\n\n<p><strong>La presencia y actividad del CAI hace a la salud institucional, a una Escuela m\u00e1s justa, m\u00e1s democr\u00e1tica, m\u00e1s participativa y representativa de, para y por tod@s. Acercate.&nbsp;Informate!<\/strong><\/p>\n<\/div><\/div>\n\n\n\n<p><\/p>\n","protected":false},"excerpt":{"rendered":"","protected":false},"author":6,"featured_media":0,"parent":0,"menu_order":0,"comment_status":"closed","ping_status":"closed","template":"","meta":[],"acf":[],"_links":{"self":[{"href":"https:\/\/etmoron-bue.infd.edu.ar\/sitio\/wp-json\/wp\/v2\/pages\/1120"}],"collection":[{"href":"https:\/\/etmoron-bue.infd.edu.ar\/sitio\/wp-json\/wp\/v2\/pages"}],"about":[{"href":"https:\/\/etmoron-bue.infd.edu.ar\/sitio\/wp-json\/wp\/v2\/types\/page"}],"author":[{"embeddable":true,"href":"https:\/\/etmoron-bue.infd.edu.ar\/sitio\/wp-json\/wp\/v2\/users\/6"}],"replies":[{"embeddable":true,"href":"https:\/\/etmoron-bue.infd.edu.ar\/sitio\/wp-json\/wp\/v2\/comments?post=1120"}],"version-history":[{"count":12,"href":"https:\/\/etmoron-bue.infd.edu.ar\/sitio\/wp-json\/wp\/v2\/pages\/1120\/revisions"}],"predecessor-version":[{"id":1672,"href":"https:\/\/etmoron-bue.infd.edu.ar\/sitio\/wp-json\/wp\/v2\/pages\/1120\/revisions\/1672"}],"wp:attachment":[{"href":"https:\/\/etmoron-bue.infd.edu.ar\/sitio\/wp-json\/wp\/v2\/media?parent=1120"}],"curies":[{"name":"wp","href":"https:\/\/api.w.org\/{rel}","templated":true}]}}