{"id":1112,"date":"2025-02-13T22:17:45","date_gmt":"2025-02-14T01:17:45","guid":{"rendered":"https:\/\/etmoron-bue.infd.edu.ar\/sitio\/?page_id=1112"},"modified":"2025-02-14T21:50:56","modified_gmt":"2025-02-15T00:50:56","slug":"que-es","status":"publish","type":"page","link":"https:\/\/etmoron-bue.infd.edu.ar\/sitio\/que-es\/","title":{"rendered":"QU\u00c9 ES?"},"content":{"rendered":"\n<p class=\"has-text-align-center has-base-3-color has-luminous-vivid-amber-to-luminous-vivid-orange-gradient-background has-text-color has-background\"><strong>Es una Instituci\u00f3n de Educaci\u00f3n Superior no Universitaria de formaci\u00f3n art\u00edstica, dependiente de la Direcci\u00f3n General de Cultura y Educaci\u00f3n de la provincia de Buenos Aires y la Direcci\u00f3n de Educaci\u00f3n Art\u00edstica, p\u00fablica y gratuita, con acciones orientadas a concretar la formaci\u00f3n y capacitaci\u00f3n de profesionales dedicados a la ense\u00f1anza y a la producci\u00f3n teatral.<\/strong><img decoding=\"async\" loading=\"lazy\" width=\"1600\" height=\"698\" class=\"wp-image-1140\" style=\"width: 800px;\" src=\"https:\/\/etmoron-bue.infd.edu.ar\/sitio\/wp-content\/uploads\/2025\/02\/FOTO-ESCUELA.jpg\" alt=\"\" srcset=\"https:\/\/etmoron-bue.infd.edu.ar\/sitio\/wp-content\/uploads\/2025\/02\/FOTO-ESCUELA.jpg 1600w, https:\/\/etmoron-bue.infd.edu.ar\/sitio\/wp-content\/uploads\/2025\/02\/FOTO-ESCUELA-1000x436.jpg 1000w, https:\/\/etmoron-bue.infd.edu.ar\/sitio\/wp-content\/uploads\/2025\/02\/FOTO-ESCUELA-768x335.jpg 768w, https:\/\/etmoron-bue.infd.edu.ar\/sitio\/wp-content\/uploads\/2025\/02\/FOTO-ESCUELA-1536x670.jpg 1536w\" sizes=\"(max-width: 1600px) 100vw, 1600px\" \/><\/p>\n","protected":false},"excerpt":{"rendered":"<p>Es una Instituci\u00f3n de Educaci\u00f3n Superior no Universitaria de formaci\u00f3n art\u00edstica, dependiente de la Direcci\u00f3n General de Cultura y Educaci\u00f3n de la provincia de Buenos Aires y la Direcci\u00f3n de Educaci\u00f3n Art\u00edstica, p\u00fablica y gratuita, con acciones orientadas a concretar la formaci\u00f3n y capacitaci\u00f3n de profesionales dedicados a la ense\u00f1anza y a la producci\u00f3n teatral.<\/p>\n","protected":false},"author":715,"featured_media":0,"parent":0,"menu_order":0,"comment_status":"closed","ping_status":"closed","template":"","meta":[],"acf":[],"_links":{"self":[{"href":"https:\/\/etmoron-bue.infd.edu.ar\/sitio\/wp-json\/wp\/v2\/pages\/1112"}],"collection":[{"href":"https:\/\/etmoron-bue.infd.edu.ar\/sitio\/wp-json\/wp\/v2\/pages"}],"about":[{"href":"https:\/\/etmoron-bue.infd.edu.ar\/sitio\/wp-json\/wp\/v2\/types\/page"}],"author":[{"embeddable":true,"href":"https:\/\/etmoron-bue.infd.edu.ar\/sitio\/wp-json\/wp\/v2\/users\/715"}],"replies":[{"embeddable":true,"href":"https:\/\/etmoron-bue.infd.edu.ar\/sitio\/wp-json\/wp\/v2\/comments?post=1112"}],"version-history":[{"count":6,"href":"https:\/\/etmoron-bue.infd.edu.ar\/sitio\/wp-json\/wp\/v2\/pages\/1112\/revisions"}],"predecessor-version":[{"id":1143,"href":"https:\/\/etmoron-bue.infd.edu.ar\/sitio\/wp-json\/wp\/v2\/pages\/1112\/revisions\/1143"}],"wp:attachment":[{"href":"https:\/\/etmoron-bue.infd.edu.ar\/sitio\/wp-json\/wp\/v2\/media?parent=1112"}],"curies":[{"name":"wp","href":"https:\/\/api.w.org\/{rel}","templated":true}]}}