{"id":1099,"date":"2025-02-13T20:58:10","date_gmt":"2025-02-13T23:58:10","guid":{"rendered":"https:\/\/etmoron-bue.infd.edu.ar\/sitio\/?page_id=1099"},"modified":"2025-02-17T19:00:16","modified_gmt":"2025-02-17T22:00:16","slug":"escuela-de-teatro-de-moron","status":"publish","type":"page","link":"https:\/\/etmoron-bue.infd.edu.ar\/sitio\/escuela-de-teatro-de-moron\/","title":{"rendered":"ESCUELA DE TEATRO DE MOR\u00d3N"},"content":{"rendered":"\n<p><\/p>\n\n\n\n<div class=\"wp-block-cover aligncenter has-parallax\" style=\"min-height:100vh\"><span aria-hidden=\"true\" class=\"wp-block-cover__background has-background-dim\"><\/span><div role=\"img\" class=\"wp-block-cover__image-background wp-image-694 has-parallax\" style=\"background-position:50% 50%;background-image:url(https:\/\/etmoron-bue.infd.edu.ar\/sitio\/wp-content\/uploads\/2024\/08\/Fondo-ETM.jpg)\"><\/div><div class=\"wp-block-cover__inner-container\">\n<p class=\"has-text-align-center has-large-font-size\">&#x1f3db;&#xfe0f;LA INSTITUCION <\/p>\n\n\n\n<p><\/p>\n\n\n\n<p><strong>&nbsp;&nbsp;&nbsp;&nbsp;&nbsp;\u00bfQu\u00e9 es la Escuela de Teatro de Mor\u00f3n?<\/strong><\/p>\n\n\n\n<p>&nbsp; &nbsp; &nbsp;Es una Instituci\u00f3n de Educaci\u00f3n Superior no Universitaria de formaci\u00f3n art\u00edstica, dependiente de la Direcci\u00f3n General de Cultura y Educaci\u00f3n de la provincia de Buenos Aires, con acciones orientadas a concretar la formaci\u00f3n y capacitaci\u00f3n de profesionales dedicados a la ense\u00f1anza y a la producci\u00f3n teatral.<\/p>\n\n\n\n<p>Se encuentra regulado por:<\/p>\n\n\n\n<ul>\n<li><a href=\"https:\/\/drive.google.com\/file\/d\/11RnUQHG7MjrjVSM7U93rG7ydBw4hzO2l\/view?usp=sharing\" data-type=\"URL\" data-id=\"https:\/\/drive.google.com\/file\/d\/11RnUQHG7MjrjVSM7U93rG7ydBw4hzO2l\/view?usp=sharing\">RES 4196\/24 ANEXO 1 R\u00e9gimen Acad\u00e9mico Marco de Educaci\u00f3n Superior, &nbsp;<\/a><\/li>\n<\/ul>\n\n\n\n<ul>\n<li><a href=\"https:\/\/drive.google.com\/file\/d\/1VO2WQQXkvZ0aN4vKo9MdmcoqPm2KF-YC\/view?usp=drive_link\" data-type=\"URL\" data-id=\"https:\/\/drive.google.com\/file\/d\/1VO2WQQXkvZ0aN4vKo9MdmcoqPm2KF-YC\/view?usp=drive_link\" target=\"_blank\" rel=\"noreferrer noopener\">RES 4196\/24 ANEXO 2 R\u00e9gimen Acad\u00e9mico Marco de ES Estudiante Itinerante<\/a><\/li>\n<\/ul>\n\n\n\n<p><\/p>\n\n\n\n<ul>\n<li><a rel=\"noreferrer noopener\" href=\"https:\/\/drive.google.com\/file\/d\/1dbmE3Ot4gQ5vIeAbGhfUBWU522tSomz7\/view?usp=sharing\" data-type=\"URL\" data-id=\"https:\/\/drive.google.com\/file\/d\/1dbmE3Ot4gQ5vIeAbGhfUBWU522tSomz7\/view?usp=sharing\" target=\"_blank\">RES 4196\/24 ANEXO 3 R\u00e9gimen Acad\u00e9mico Marco de ES Propuestas Pedag\u00f3gicas Combinada<\/a><\/li>\n<\/ul>\n<\/div><\/div>\n\n\n\n<p><\/p>\n","protected":false},"excerpt":{"rendered":"","protected":false},"author":715,"featured_media":0,"parent":0,"menu_order":0,"comment_status":"closed","ping_status":"closed","template":"","meta":[],"acf":[],"_links":{"self":[{"href":"https:\/\/etmoron-bue.infd.edu.ar\/sitio\/wp-json\/wp\/v2\/pages\/1099"}],"collection":[{"href":"https:\/\/etmoron-bue.infd.edu.ar\/sitio\/wp-json\/wp\/v2\/pages"}],"about":[{"href":"https:\/\/etmoron-bue.infd.edu.ar\/sitio\/wp-json\/wp\/v2\/types\/page"}],"author":[{"embeddable":true,"href":"https:\/\/etmoron-bue.infd.edu.ar\/sitio\/wp-json\/wp\/v2\/users\/715"}],"replies":[{"embeddable":true,"href":"https:\/\/etmoron-bue.infd.edu.ar\/sitio\/wp-json\/wp\/v2\/comments?post=1099"}],"version-history":[{"count":6,"href":"https:\/\/etmoron-bue.infd.edu.ar\/sitio\/wp-json\/wp\/v2\/pages\/1099\/revisions"}],"predecessor-version":[{"id":1201,"href":"https:\/\/etmoron-bue.infd.edu.ar\/sitio\/wp-json\/wp\/v2\/pages\/1099\/revisions\/1201"}],"wp:attachment":[{"href":"https:\/\/etmoron-bue.infd.edu.ar\/sitio\/wp-json\/wp\/v2\/media?parent=1099"}],"curies":[{"name":"wp","href":"https:\/\/api.w.org\/{rel}","templated":true}]}}